{"id":9189,"date":"2025-09-18T15:08:46","date_gmt":"2025-09-18T06:08:46","guid":{"rendered":"https:\/\/zionex.com\/t3-smart-scm-copy\/"},"modified":"2025-09-19T23:25:08","modified_gmt":"2025-09-19T14:25:08","slug":"t3plm","status":"publish","type":"page","link":"https:\/\/zionex.com\/es\/t3plm\/","title":{"rendered":"T3PLM"},"content":{"rendered":"\n<h1>\n\t\tT<sup>3<\/sup>PLM\n\t<\/h1>\n<h4>\n\t\tEl \u00fanico socio Gold de Aras Innovator en Corea <br \/> Soluci\u00f3n de gesti\u00f3n del ciclo de vida del producto ZIONEX  \n\t<\/h4>\n\t\t\t<a href=\"https:\/\/zionex.com\/es\/contacto\/\" target=\"_self\" role=\"button\">\n\t\t\t\t\t\t\tSolicitar informaci\u00f3n\n\t\t\t\t\t<\/a>\n<h3>\n\t\tT\u00b3PLM resuelve r\u00e1pida y f\u00e1cilmente los desaf\u00edos comunes que enfrentan las empresas en el desarrollo de productos.\n\t<\/h3>\n\t\t\t01\n\t\t<h4>Aumento de la complejidad de los datos de los productos<\/h4>\n\t\t\t<p>Estructuras de productos complejas que combinan componentes mec\u00e1nicos, electr\u00f3nicos y de software <br \/>Gesti\u00f3n distribuida de diversos datos, como CAD, BOM y simulaciones entre departamentos<\/p>\t\t\n\t\t\t02\n\t\t<h4>Calidad y riesgos regulatorios<\/h4>\n\t\t\t<p>Industrias como la aeroespacial, automotriz, m\u00e9dica y alimentaria est\u00e1n sujetas a estrictas regulaciones y certificaciones. <br \/>Requerir una gesti\u00f3n exhaustiva de pruebas, aprobaciones y documentos de cumplimiento<\/p>\t\t\n\t\t\t03\n\t\t<h4>Limitaciones en la colaboraci\u00f3n y la integraci\u00f3n de datos<\/h4>\n\t\t\t<p>La gesti\u00f3n fragmentada de datos entre departamentos y sistemas conduce a una colaboraci\u00f3n ineficiente, <br \/>dificultar el intercambio de datos con las cadenas de suministro y los socios globales<\/p>\t\t\n\t\t\t\t\n\t\t\t04\n\t\t<h4>Falta de agilidad para responder a los cambios del mercado<\/h4>\n\t\t\t<p>Las demandas de los clientes y las tendencias tecnol\u00f3gicas cambian r\u00e1pidamente <br \/>El ERP y el MES tradicionales por s\u00ed solos no pueden soportar todo el proceso, desde la planificaci\u00f3n del producto hasta el servicio<\/p>\t\t\n\t\t\t05\n\t\t<h4>Importancia de la gesti\u00f3n del cambio<\/h4>\n\t\t\t<p>Las mejoras de dise\u00f1o, la reducci\u00f3n de costos y los problemas de calidad impulsan el cambio <br \/>Sin un intercambio adecuado del historial de cambios, se producen defectos, retrabajos y retrasos en la entrega<\/p>\t\t\n<h1>\n\t\tGesti\u00f3n del ciclo de vida del producto T\u00b3\n\t<\/h1>\n\t<p>La \u00fanica plataforma PLM de pr\u00f3xima generaci\u00f3n con escalabilidad y flexibilidad que evoluciona a la velocidad del cambio empresarial<\/p>\n\tF\u00e1cilmente escalable tanto en entornos en la nube como en las instalaciones, T\u00b3PLM garantiza las \u00faltimas tecnolog\u00edas a trav\u00e9s de una r\u00e1pida personalizaci\u00f3n y actualizaciones continuas, lo que permite a las empresas lograr la innovaci\u00f3n digital.<br \/>\nT\u00b3PLM es una soluci\u00f3n PLM que integra las tecnolog\u00edas de Aras y ZIONEX.\n\t<p>&nbsp;<\/p>\n<strong>Soluci\u00f3n PLM global flexible<br \/>\n<\/strong>\n\t<p>Basado en una arquitectura abierta que se adapta a los cambios en la estructura organizativa y empresarial<br data-start=\"372\" data-end=\"375\" \/>Admite BPM, flujo de trabajo, control de revisiones y requisitos multiling\u00fces, con una f\u00e1cil personalizaci\u00f3n adaptada a las necesidades de la empresa<\/p>\n\t<p>&nbsp;<\/p>\n<strong><br \/>\nSimple y potente<br \/>\nGesti\u00f3n de proyectos<\/strong>\n\t<p>Administrador de tareas din\u00e1mico, lista de tareas pendientes y gesti\u00f3n de programas\/carteras<br data-start=\"771\" data-end=\"774\" \/>Las licencias de suscripci\u00f3n reducen la inversi\u00f3n inicial y reducen el costo total de propiedad (TCO)<\/p>\n<p>&nbsp;<\/p>\n\t<strong><br \/>\nPlataforma de desarrollo flexible sin c\u00f3digo o con poco c\u00f3digo<br \/>\n<\/strong>\n\tMotor de modelado sin c\u00f3digo para crear apps PLM con drag &amp; drop.<br \/>\nDesarrollo low-code para adaptar y ampliar apps OOTB.<br \/>\nEscalable a PLM-SCM para modelos colaborativos de cadena de suministro.\n\t<p>&nbsp;<\/p>\n<p><strong>M\u00e1xima seguridad y estabilidad para proteger I+D.<\/strong><\/p>\n\tCumple est\u00e1ndares globales (ej. ITAR) para proteger I+D.<br \/>\nRefleja la \u00faltima versi\u00f3n sin perder entorno ni datos.<br \/>\nGesti\u00f3n integral: c\u00f3digo, compilaci\u00f3n, pruebas y ejecuci\u00f3n.<br \/>\nReduce costes de mantenimiento.\n<h4>\n\t\tPlataforma de transformaci\u00f3n digital\n\t<\/h4>\n\t<p>Servicios de plataforma a lo largo del ciclo de vida<\/p>\n\tLos sistemas PLM tradicionales est\u00e1n optimizados para industrias y procesos espec\u00edficos, lo que dificulta y encarece la personalizaci\u00f3n.<br \/>\nT\u00b3PLM gestiona todo el ciclo de vida del desarrollo del producto, se adapta r\u00e1pidamente a los procesos deseados por el cliente a trav\u00e9s de su motor y ampl\u00eda la funcionalidad sobre una base de c\u00f3digo bajo.\n\t\t\t\t<img loading=\"lazy\" decoding=\"async\" src=\"https:\/\/zionex.com\/wp-content\/uploads\/2025\/09\/graphic-image.png\" alt=\"graphic image\" itemprop=\"image\" height=\"699\" width=\"1366\" title=\"graphic image\" onerror=\"this.style.display='none'\"  \/>\n\t\t\n<h3>\n\t\tT\u00b3PLM es una soluci\u00f3n PLM integral que proporciona los m\u00f3dulos centrales del ciclo de vida del producto, incluida la gesti\u00f3n de proyectos, la gesti\u00f3n de datos de productos, la gesti\u00f3n de listas de materiales, la gesti\u00f3n de cambios, la gesti\u00f3n de documentos y la gesti\u00f3n de calidad.\n\t<\/h3>\n\tEsto permite un control integrado de todo el proceso, desde la planificaci\u00f3n del producto hasta el desarrollo, la producci\u00f3n y las operaciones.\n\t\t\t\t<img loading=\"lazy\" decoding=\"async\" src=\"https:\/\/zionex.com\/wp-content\/uploads\/2025\/09\/Group-14.png\" alt=\"Group 14\" itemprop=\"image\" height=\"418\" width=\"450\" title=\"Group 14\" onerror=\"this.style.display='none'\"  \/>\n\t\t\t\t<img loading=\"lazy\" decoding=\"async\" src=\"https:\/\/zionex.com\/wp-content\/uploads\/2025\/09\/Frame-28.png\" alt=\"Frame 28\" itemprop=\"image\" height=\"31\" width=\"230\" title=\"Frame 28\" onerror=\"this.style.display='none'\"  \/>\n\t<p><strong>Programaci\u00f3n de proyectos (PMS)<\/strong><\/p>\n<ul>\n<li>\n<ul>\n<li>Gesti\u00f3n de presupuestos y costos (estimaci\u00f3n de \u2192 objetivo \u2192 real)<\/li>\n<li>Gesti\u00f3n de proyectos basada en Phase-Gate<\/li>\n<li>Gesti\u00f3n de hitos y entregables<\/li>\n<li>Panel de riesgo de sem\u00e1foro<\/li>\n<li>Plantillas por tipo de proyecto y caracter\u00edsticas<\/li>\n<\/ul>\n<\/li>\n<\/ul>\n\t\t\t\t<img loading=\"lazy\" decoding=\"async\" src=\"https:\/\/zionex.com\/wp-content\/uploads\/2025\/09\/Frame-28-1.png\" alt=\"Frame 28-1\" itemprop=\"image\" height=\"31\" width=\"216\" title=\"Frame 28-1\" onerror=\"this.style.display='none'\"  \/>\n\t<p><strong>Gesti\u00f3n de datos de productos (PDM)<\/strong><\/p>\n<ul>\n<li>\n<ul>\n<li>Lista de materiales (BOM), SKU de productos<\/li>\n<li>Ingenier\u00eda de requisitos<\/li>\n<li>Flujo de trabajo de gesti\u00f3n del ciclo de vida y del cambio<\/li>\n<li>Gesti\u00f3n del cumplimiento por pa\u00eds\/regi\u00f3n (por ejemplo, emisiones de carbono)<\/li>\n<\/ul>\n<\/li>\n<\/ul>\n\t\t\t\t<img loading=\"lazy\" decoding=\"async\" src=\"https:\/\/zionex.com\/wp-content\/uploads\/2025\/09\/Frame-28-3.png\" alt=\"Frame 28\" itemprop=\"image\" height=\"31\" width=\"230\" title=\"Frame 28\" onerror=\"this.style.display='none'\"  \/>\n\t<p><strong>Sistema de Gesti\u00f3n de Calidad (SGC)<\/strong><\/p>\n<ul>\n<li>\n<ul>\n<li>Gesti\u00f3n de riesgos<\/li>\n<li>An\u00e1lisis modal de fallas y efectos (FMEA)<\/li>\n<li>Planes de control<\/li>\n<li>Gesti\u00f3n de elementos de acci\u00f3n de circuito cerrado<\/li>\n<\/ul>\n<\/li>\n<\/ul>\n<h5>\n\t\tCaracter\u00edsticas principales\n\t<\/h5>\n\t<p>Una soluci\u00f3n basada en la web que fortalece las capacidades de los fabricantes globales en ingenier\u00eda de productos y gesti\u00f3n de proyectos, estandarizando y elevando el rendimiento de investigaci\u00f3n y desarrollo a trav\u00e9s de la innovaci\u00f3n en el desarrollo de productos.<\/p>\n\t<p>Como socio comercial de Aras (EE. UU.), proporcionamos la soluci\u00f3n T\u00b3PLM basada en Aras Innovator y apoyamos proyectos e implementaciones relacionados.<\/p>\n<h3>\n\t\tPlataforma PLM que mejora el valor\n\t<\/h3>\n\t<p>Una interfaz de usuario f\u00e1cil de usar adaptada a su entorno y un rendimiento excepcional mejoran la adopci\u00f3n del sistema y la comodidad del usuario<\/p>\n\t<ol data-start=\"238\" data-end=\"487\">\n<li data-start=\"238\" data-end=\"381\">\nIngenier\u00eda: visualizaci\u00f3n de datos y cuadros de mando<br data-start=\"288\" data-end=\"291\"\/>Mejore la comodidad, la accesibilidad y la eficiencia, proporcionando una plataforma integrada\n<\/li>\n<li data-start=\"383\" data-end=\"487\">\nPlataforma de desarrollo low-code (menos codificaci\u00f3n)<br data-start=\"433\" data-end=\"436\"\/>Permite una r\u00e1pida implementaci\u00f3n de los cambios en los procesos\n<\/li>\n<\/ol>\n\t\t\t\t<img loading=\"lazy\" decoding=\"async\" src=\"https:\/\/zionex.com\/wp-content\/uploads\/2025\/09\/image.png\" alt=\"image\" itemprop=\"image\" height=\"441\" width=\"673\" title=\"image\" onerror=\"this.style.display='none'\"  \/>\n\t\t\t\t<img loading=\"lazy\" decoding=\"async\" src=\"https:\/\/zionex.com\/wp-content\/uploads\/2025\/09\/image-1.png\" alt=\"image-1\" itemprop=\"image\" height=\"441\" width=\"673\" title=\"image-1\" onerror=\"this.style.display='none'\"  \/>\n<h3>\n\t\tAsistente de IA T\u00b3\n\t<\/h3>\n\t<p>Una interfaz de usuario f\u00e1cil de usar adaptada a su entorno y un rendimiento excepcional mejoran la adopci\u00f3n del sistema y la comodidad del usuario<\/p>\n\t<ol>\n<li data-start=\"526\" data-end=\"687\"><strong>B\u00fasqueda de documentos y preguntas y respuestas<\/strong><br data-start=\"551\" data-end=\"554\"\/>No solo b\u00fasqueda de palabras clave: b\u00fasqueda sem\u00e1ntica que puede responder preguntas como<br data-start=\"630\" data-end=\"633\"\/>\u00ab\u00bfCu\u00e1l es el punto principal del autor en este documento?\u00bb<\/li>\n<li data-start=\"692\" data-end=\"871\"><strong>Clasificaci\u00f3n\/etiquetado de documentos<\/strong><br data-start=\"727\" data-end=\"730\"\/>Clasifica autom\u00e1ticamente grandes vol\u00famenes de documentos por tema y tipo<br data-start=\"802\" data-end=\"805\"\/>(por ejemplo, contratos, documentos t\u00e9cnicos, especificaciones de productos)<\/li>\n<li data-start=\"876\" data-end=\"977\"><strong>Comparaci\u00f3n de documentos<\/strong><br data-start=\"899\" data-end=\"902\"\/>Compara dos o m\u00e1s documentos para extraer diferencias y puntos en com\u00fan.<\/li>\n<li data-start=\"982\" data-end=\"1154\"><strong>Resumen de documentos<\/strong><br data-start=\"1008\" data-end=\"1011\"\/>Destila largos informes, documentos o art\u00edculos a los puntos clave<br data-start=\"1074\" data-end=\"1077\"\/>(res\u00famenes de una l\u00ednea, res\u00famenes a nivel de secci\u00f3n, res\u00famenes de tablas\/listas, etc.).<\/li>\n<\/ol>\n<h3>\n\t\tPanel de configuraci\u00f3n\n\t<\/h3>\n\t<p>Una interfaz de usuario f\u00e1cil de usar adaptada a su entorno y un rendimiento excepcional mejoran la adopci\u00f3n del sistema y la comodidad del usuario<\/p>\n\t<ol>\n<li data-start=\"1193\" data-end=\"1360\">\nProporciona un entorno unificado que re\u00fane las tareas de los usuarios y la informaci\u00f3n relacionada, lo que garantiza la continuidad y la comodidad\n<\/li>\n<li data-start=\"1362\" data-end=\"1495\">\nMu\u00e9vase r\u00e1pidamente entre piezas, documentos, ECO y m\u00e1s: maneje tareas a gran velocidad con simples clics\n<\/li>\n<li data-start=\"1497\" data-end=\"1584\">\nAdmite la configuraci\u00f3n del panel por usuario\n<\/li>\n<\/ol>\n\t\t\t\t<img loading=\"lazy\" decoding=\"async\" src=\"https:\/\/zionex.com\/wp-content\/uploads\/2025\/09\/image-2.png\" alt=\"image-2\" itemprop=\"image\" height=\"391\" width=\"673\" title=\"image-2\" onerror=\"this.style.display='none'\"  \/>\n\t<strong>Deje que T\u00b3PLM maneje la innovaci\u00f3n<br \/>\nen el desarrollo de productos para que pueda concentrarse en fortalecer su ventaja competitiva<\/strong>\n\t<p>T\u00b3PLM apoya la innovaci\u00f3n digital con rentabilidad y eficiencia probadas.<\/p>\n\t\t\t<a href=\"https:\/\/zionex.com\/es\/contacto\/\" target=\"_self\" role=\"button\">\n\t\t\t\t\t\t\tComenzar\n\t\t\t\t\t<\/a>\n\n","protected":false},"excerpt":{"rendered":"<p>T3PLM El \u00fanico socio Gold de Aras Innovator en Corea Soluci\u00f3n de gesti\u00f3n del ciclo de vida del producto ZIONEX Solicitar informaci\u00f3n T\u00b3PLM resuelve r\u00e1pida y f\u00e1cilmente los desaf\u00edos comunes que enfrentan las empresas en el desarrollo de productos. 01 Aumento de la complejidad de los datos de los productos Estructuras de productos complejas que&hellip;<\/p>\n","protected":false},"author":2,"featured_media":0,"parent":0,"menu_order":0,"comment_status":"closed","ping_status":"closed","template":"","meta":{"footnotes":""},"class_list":["post-9189","page","type-page","status-publish","hentry"],"yoast_head":"<!-- This site is optimized with the Yoast SEO plugin v27.4 - https:\/\/yoast.com\/product\/yoast-seo-wordpress\/ -->\n<title>T3PLM - Zionex Inc.<\/title>\n<meta name=\"robots\" content=\"index, follow, max-snippet:-1, max-image-preview:large, max-video-preview:-1\" \/>\n<link rel=\"canonical\" href=\"https:\/\/zionex.com\/es\/t3plm\/\" \/>\n<meta property=\"og:locale\" content=\"es_ES\" \/>\n<meta property=\"og:type\" content=\"article\" \/>\n<meta property=\"og:title\" content=\"T3PLM - Zionex Inc.\" \/>\n<meta property=\"og:description\" content=\"T3PLM El \u00fanico socio Gold de Aras Innovator en Corea Soluci\u00f3n de gesti\u00f3n del ciclo de vida del producto ZIONEX Solicitar informaci\u00f3n T\u00b3PLM resuelve r\u00e1pida y f\u00e1cilmente los desaf\u00edos comunes que enfrentan las empresas en el desarrollo de productos. 01 Aumento de la complejidad de los datos de los productos Estructuras de productos complejas que&hellip;\" \/>\n<meta property=\"og:url\" content=\"https:\/\/zionex.com\/es\/t3plm\/\" \/>\n<meta property=\"og:site_name\" content=\"Zionex Inc.\" \/>\n<meta property=\"article:publisher\" content=\"https:\/\/www.facebook.com\/Zionex.Inc\" \/>\n<meta property=\"article:modified_time\" content=\"2025-09-19T14:25:08+00:00\" \/>\n<meta property=\"og:image\" content=\"https:\/\/zionex.com\/wp-content\/uploads\/2025\/09\/graphic-image.png\" \/>\n<meta name=\"twitter:card\" content=\"summary_large_image\" \/>\n<meta name=\"twitter:site\" content=\"@zionex\" \/>\n<meta name=\"twitter:label1\" content=\"Tiempo de lectura\" \/>\n\t<meta name=\"twitter:data1\" content=\"6 minutos\" \/>\n<script type=\"application\/ld+json\" class=\"yoast-schema-graph\">{\"@context\":\"https:\\\/\\\/schema.org\",\"@graph\":[{\"@type\":\"WebPage\",\"@id\":\"https:\\\/\\\/zionex.com\\\/es\\\/t3plm\\\/\",\"url\":\"https:\\\/\\\/zionex.com\\\/es\\\/t3plm\\\/\",\"name\":\"T3PLM - Zionex Inc.\",\"isPartOf\":{\"@id\":\"https:\\\/\\\/zionex.com\\\/es\\\/#website\"},\"primaryImageOfPage\":{\"@id\":\"https:\\\/\\\/zionex.com\\\/es\\\/t3plm\\\/#primaryimage\"},\"image\":{\"@id\":\"https:\\\/\\\/zionex.com\\\/es\\\/t3plm\\\/#primaryimage\"},\"thumbnailUrl\":\"https:\\\/\\\/zionex.com\\\/wp-content\\\/uploads\\\/2025\\\/09\\\/graphic-image.png\",\"datePublished\":\"2025-09-18T06:08:46+00:00\",\"dateModified\":\"2025-09-19T14:25:08+00:00\",\"breadcrumb\":{\"@id\":\"https:\\\/\\\/zionex.com\\\/es\\\/t3plm\\\/#breadcrumb\"},\"inLanguage\":\"es\",\"potentialAction\":[{\"@type\":\"ReadAction\",\"target\":[\"https:\\\/\\\/zionex.com\\\/es\\\/t3plm\\\/\"]}]},{\"@type\":\"ImageObject\",\"inLanguage\":\"es\",\"@id\":\"https:\\\/\\\/zionex.com\\\/es\\\/t3plm\\\/#primaryimage\",\"url\":\"https:\\\/\\\/zionex.com\\\/wp-content\\\/uploads\\\/2025\\\/09\\\/graphic-image.png\",\"contentUrl\":\"https:\\\/\\\/zionex.com\\\/wp-content\\\/uploads\\\/2025\\\/09\\\/graphic-image.png\"},{\"@type\":\"BreadcrumbList\",\"@id\":\"https:\\\/\\\/zionex.com\\\/es\\\/t3plm\\\/#breadcrumb\",\"itemListElement\":[{\"@type\":\"ListItem\",\"position\":1,\"name\":\"Home\",\"item\":\"https:\\\/\\\/zionex.com\\\/es\\\/\"},{\"@type\":\"ListItem\",\"position\":2,\"name\":\"T3PLM\"}]},{\"@type\":\"WebSite\",\"@id\":\"https:\\\/\\\/zionex.com\\\/es\\\/#website\",\"url\":\"https:\\\/\\\/zionex.com\\\/es\\\/\",\"name\":\"Zionex Inc.\",\"description\":\"Zionex provides SaaS supply chain planning and AI-based demand forecasting solutions\",\"publisher\":{\"@id\":\"https:\\\/\\\/zionex.com\\\/es\\\/#organization\"},\"alternateName\":\"Zionex\",\"potentialAction\":[{\"@type\":\"SearchAction\",\"target\":{\"@type\":\"EntryPoint\",\"urlTemplate\":\"https:\\\/\\\/zionex.com\\\/es\\\/?s={search_term_string}\"},\"query-input\":{\"@type\":\"PropertyValueSpecification\",\"valueRequired\":true,\"valueName\":\"search_term_string\"}}],\"inLanguage\":\"es\"},{\"@type\":\"Organization\",\"@id\":\"https:\\\/\\\/zionex.com\\\/es\\\/#organization\",\"name\":\"Zionex, Inc.\",\"alternateName\":\"Zionex\",\"url\":\"https:\\\/\\\/zionex.com\\\/es\\\/\",\"logo\":{\"@type\":\"ImageObject\",\"inLanguage\":\"es\",\"@id\":\"https:\\\/\\\/zionex.com\\\/es\\\/#\\\/schema\\\/logo\\\/image\\\/\",\"url\":\"https:\\\/\\\/zionex.com\\\/wp-content\\\/uploads\\\/2023\\\/02\\\/Zionex.jpg\",\"contentUrl\":\"https:\\\/\\\/zionex.com\\\/wp-content\\\/uploads\\\/2023\\\/02\\\/Zionex.jpg\",\"width\":1500,\"height\":224,\"caption\":\"Zionex, Inc.\"},\"image\":{\"@id\":\"https:\\\/\\\/zionex.com\\\/es\\\/#\\\/schema\\\/logo\\\/image\\\/\"},\"sameAs\":[\"https:\\\/\\\/www.facebook.com\\\/Zionex.Inc\",\"https:\\\/\\\/x.com\\\/zionex\",\"https:\\\/\\\/www.linkedin.com\\\/company\\\/zionex-inc.\\\/\",\"https:\\\/\\\/www.instagram.com\\\/zionex\\\/\"]}]}<\/script>\n<!-- \/ Yoast SEO plugin. -->","yoast_head_json":{"title":"T3PLM - Zionex Inc.","robots":{"index":"index","follow":"follow","max-snippet":"max-snippet:-1","max-image-preview":"max-image-preview:large","max-video-preview":"max-video-preview:-1"},"canonical":"https:\/\/zionex.com\/es\/t3plm\/","og_locale":"es_ES","og_type":"article","og_title":"T3PLM - Zionex Inc.","og_description":"T3PLM El \u00fanico socio Gold de Aras Innovator en Corea Soluci\u00f3n de gesti\u00f3n del ciclo de vida del producto ZIONEX Solicitar informaci\u00f3n T\u00b3PLM resuelve r\u00e1pida y f\u00e1cilmente los desaf\u00edos comunes que enfrentan las empresas en el desarrollo de productos. 01 Aumento de la complejidad de los datos de los productos Estructuras de productos complejas que&hellip;","og_url":"https:\/\/zionex.com\/es\/t3plm\/","og_site_name":"Zionex Inc.","article_publisher":"https:\/\/www.facebook.com\/Zionex.Inc","article_modified_time":"2025-09-19T14:25:08+00:00","og_image":[{"url":"https:\/\/zionex.com\/wp-content\/uploads\/2025\/09\/graphic-image.png","type":"","width":"","height":""}],"twitter_card":"summary_large_image","twitter_site":"@zionex","twitter_misc":{"Tiempo de lectura":"6 minutos"},"schema":{"@context":"https:\/\/schema.org","@graph":[{"@type":"WebPage","@id":"https:\/\/zionex.com\/es\/t3plm\/","url":"https:\/\/zionex.com\/es\/t3plm\/","name":"T3PLM - Zionex Inc.","isPartOf":{"@id":"https:\/\/zionex.com\/es\/#website"},"primaryImageOfPage":{"@id":"https:\/\/zionex.com\/es\/t3plm\/#primaryimage"},"image":{"@id":"https:\/\/zionex.com\/es\/t3plm\/#primaryimage"},"thumbnailUrl":"https:\/\/zionex.com\/wp-content\/uploads\/2025\/09\/graphic-image.png","datePublished":"2025-09-18T06:08:46+00:00","dateModified":"2025-09-19T14:25:08+00:00","breadcrumb":{"@id":"https:\/\/zionex.com\/es\/t3plm\/#breadcrumb"},"inLanguage":"es","potentialAction":[{"@type":"ReadAction","target":["https:\/\/zionex.com\/es\/t3plm\/"]}]},{"@type":"ImageObject","inLanguage":"es","@id":"https:\/\/zionex.com\/es\/t3plm\/#primaryimage","url":"https:\/\/zionex.com\/wp-content\/uploads\/2025\/09\/graphic-image.png","contentUrl":"https:\/\/zionex.com\/wp-content\/uploads\/2025\/09\/graphic-image.png"},{"@type":"BreadcrumbList","@id":"https:\/\/zionex.com\/es\/t3plm\/#breadcrumb","itemListElement":[{"@type":"ListItem","position":1,"name":"Home","item":"https:\/\/zionex.com\/es\/"},{"@type":"ListItem","position":2,"name":"T3PLM"}]},{"@type":"WebSite","@id":"https:\/\/zionex.com\/es\/#website","url":"https:\/\/zionex.com\/es\/","name":"Zionex Inc.","description":"Zionex provides SaaS supply chain planning and AI-based demand forecasting solutions","publisher":{"@id":"https:\/\/zionex.com\/es\/#organization"},"alternateName":"Zionex","potentialAction":[{"@type":"SearchAction","target":{"@type":"EntryPoint","urlTemplate":"https:\/\/zionex.com\/es\/?s={search_term_string}"},"query-input":{"@type":"PropertyValueSpecification","valueRequired":true,"valueName":"search_term_string"}}],"inLanguage":"es"},{"@type":"Organization","@id":"https:\/\/zionex.com\/es\/#organization","name":"Zionex, Inc.","alternateName":"Zionex","url":"https:\/\/zionex.com\/es\/","logo":{"@type":"ImageObject","inLanguage":"es","@id":"https:\/\/zionex.com\/es\/#\/schema\/logo\/image\/","url":"https:\/\/zionex.com\/wp-content\/uploads\/2023\/02\/Zionex.jpg","contentUrl":"https:\/\/zionex.com\/wp-content\/uploads\/2023\/02\/Zionex.jpg","width":1500,"height":224,"caption":"Zionex, Inc."},"image":{"@id":"https:\/\/zionex.com\/es\/#\/schema\/logo\/image\/"},"sameAs":["https:\/\/www.facebook.com\/Zionex.Inc","https:\/\/x.com\/zionex","https:\/\/www.linkedin.com\/company\/zionex-inc.\/","https:\/\/www.instagram.com\/zionex\/"]}]}},"_links":{"self":[{"href":"https:\/\/zionex.com\/es\/wp-json\/wp\/v2\/pages\/9189","targetHints":{"allow":["GET"]}}],"collection":[{"href":"https:\/\/zionex.com\/es\/wp-json\/wp\/v2\/pages"}],"about":[{"href":"https:\/\/zionex.com\/es\/wp-json\/wp\/v2\/types\/page"}],"author":[{"embeddable":true,"href":"https:\/\/zionex.com\/es\/wp-json\/wp\/v2\/users\/2"}],"replies":[{"embeddable":true,"href":"https:\/\/zionex.com\/es\/wp-json\/wp\/v2\/comments?post=9189"}],"version-history":[{"count":3,"href":"https:\/\/zionex.com\/es\/wp-json\/wp\/v2\/pages\/9189\/revisions"}],"predecessor-version":[{"id":9215,"href":"https:\/\/zionex.com\/es\/wp-json\/wp\/v2\/pages\/9189\/revisions\/9215"}],"wp:attachment":[{"href":"https:\/\/zionex.com\/es\/wp-json\/wp\/v2\/media?parent=9189"}],"curies":[{"name":"wp","href":"https:\/\/api.w.org\/{rel}","templated":true}]}}