{"id":6216,"date":"2023-01-12T07:21:40","date_gmt":"2023-01-11T22:21:40","guid":{"rendered":"https:\/\/zionex.com\/t3smartscm\/estudio-de-un-caso-petroquimico\/"},"modified":"2024-05-02T09:08:28","modified_gmt":"2024-05-02T00:08:28","slug":"estudio-de-un-caso-petroquimico","status":"publish","type":"page","link":"https:\/\/zionex.com\/es\/t3-smart-scm\/estudio-de-un-caso-petroquimico\/","title":{"rendered":"Estudio de un caso petroqu\u00edmico"},"content":{"rendered":"\n<h1>\n\t\tEstudio de un caso petroqu\u00edmico\n\t<\/h1>\n<h2>\n\t\tPetroqu\u00edmica\n\t<\/h2>\n\t<p>En el mercado de productos qu\u00edmicos, donde las fluctuaciones de precios son grandes, una respuesta r\u00e1pida es la clave para maximizar los beneficios. La sincronizaci\u00f3n de las operaciones de venta, suministro e inventario permite planificar (Planificar), ejecutar (Hacer), evaluar (Comprobar) y mejorar (Actuar) con rapidez.<\/p>\n\t<table>\n<tbody>\n<tr>\n<th>industria<\/th>\n<td>Fabricante petroqu\u00edmico<\/td>\n<\/tr>\n<tr>\n<th>Descripci\u00f3n de la empresa<\/th>\n<td>Fabricaci\u00f3n y venta de productos petroqu\u00edmicos<\/td>\n<\/tr>\n<tr>\n<th>M\u00f3dulo de instalaci\u00f3n<\/th>\n<td>  <strong>Previsi\u00f3n de la demanda (estad\u00edsticas) | Plan de ventas | Plan de suministros | Planificaci\u00f3n de la producci\u00f3n | An\u00e1lisis e informes<\/strong> <\/td>\n<\/tr>\n<\/tbody>\n<\/table>\n\t\t\t\t<img decoding=\"async\" src=\"https:\/\/www.zionex.com\/wp-content\/uploads\/2023\/01\/case03_img01.jpg\" alt=\"case03_img01\" itemprop=\"image\" title=\"case03_img01\" onerror=\"this.style.display='none'\"  \/>\n<h2>\n\t\tAntecedentes\n\t<\/h2>\n\t<p>La \u00abEmpresa A\u00bb, uno de los principales fabricantes petroqu\u00edmicos, ha creado una nueva divisi\u00f3n de negocio y construido una planta de producci\u00f3n de \u00faltima generaci\u00f3n para fabricar productos petroqu\u00edmicos de alto valor a\u00f1adido. Con la implantaci\u00f3n de un sistema integral de gesti\u00f3n de la cadena de suministro (SCM), la empresa pretende optimizar la utilizaci\u00f3n de sus nuevas instalaciones de producci\u00f3n y adelantarse a las tendencias del mercado para mejorar su competitividad en el sector.<\/p>\n<h2>\n\t\tAc\u00e9rquese a\n\t<\/h2>\n\t<p>Aplicando los principios de la gesti\u00f3n de la cadena de suministro (SCM) e implantando un sistema avanzado de planificaci\u00f3n y programaci\u00f3n (APS), un fabricante de productos qu\u00edmicos puede aumentar significativamente sus beneficios respondiendo con prontitud a los cambios en tiempo real de los precios de los productos. Para lograrlo, la empresa debe desarrollar una estrategia de ventas centrada en productos de alta rentabilidad y centrarse en una gesti\u00f3n eficiente de suministros e inventarios que se ajuste a esta estrategia.<\/p>\n<p>Para mantener el ciclo diario de producci\u00f3n de productos durante un mes, la empresa ajusta el volumen de producci\u00f3n de cada tipo de producto y prioriza la producci\u00f3n de productos de alto margen vincul\u00e1ndola al plan de ventas. El objetivo es formular y ejecutar un plan de gesti\u00f3n de suministros\/inventarios en una hora.<\/p>\n<p>Adem\u00e1s, el uso de inteligencia artificial (IA) y an\u00e1lisis estad\u00edsticos proporciona a la empresa una horquilla de precios \u00f3ptima basada en diversos factores que afectan a las fluctuaciones de los precios de venta y de las materias primas. Al proporcionar esta horquilla de precios, la empresa puede determinar el precio de venta y el precio de compra unitario \u00f3ptimos, lo que se traduce en un mayor aumento de los beneficios.<\/p>\n\t<p>Apoyo a estrategias empresariales adaptadas a las condiciones del mercado con simulaci\u00f3n de la combinaci\u00f3n de productos.<\/p>\n\t\t\t\t<img decoding=\"async\" src=\"https:\/\/www.zionex.com\/wp-content\/uploads\/2023\/01\/case03_img03n-2.png\" alt=\"case03_img03n\" itemprop=\"image\" title=\"case03_img03n\" onerror=\"this.style.display='none'\"  \/>\n<h2>\n\t\tRendimiento de las inversiones\n\t<\/h2>\n\t<p>Al sistematizar todo el plan de gesti\u00f3n de la cadena de suministro (SCM), incluida la previsi\u00f3n de la demanda, la planificaci\u00f3n de las ventas, la planificaci\u00f3n del suministro a medio y largo plazo, las respuestas a las fechas de entrega disponibles y la planificaci\u00f3n de la producci\u00f3n a corto plazo, se minimiza el trabajo manual y se puede acceder a la informaci\u00f3n con rapidez y precisi\u00f3n.<\/p>\n<p>El sistema tambi\u00e9n incorpora requisitos espec\u00edficos para la fabricaci\u00f3n de pol\u00edmeros, como la aplicaci\u00f3n de una pol\u00edtica de inventario de seguridad que tenga en cuenta el ciclo de producci\u00f3n mensual y la formulaci\u00f3n de un plan de suministro basado en la Rueda de Producci\u00f3n. Esto garantiza que el sistema se adapte a las necesidades espec\u00edficas de la industria de fabricaci\u00f3n de pol\u00edmeros.<\/p>\n<p>La adopci\u00f3n de un sistema unificado para toda la empresa permite realizar todas las simulaciones de Producci\u00f3n-Ventas-Inventario (PSI) y establece un sistema para la toma racional de decisiones sobre la oferta y la demanda. Esto conduce a la maximizaci\u00f3n de los beneficios al garantizar que la empresa funcione siempre con una eficiencia \u00f3ptima.<\/p>\n<h2>\n\t\tEstudio de caso\n\t<\/h2>\n\t\t\t<a href=\"https:\/\/www.zionex.com\/t3-smart-scm\/beverage-case-study\/\" target=\"_self\" rel=\"noopener\">\n\t\t\t\t\t\t\t<img decoding=\"async\" src=\"https:\/\/www.zionex.com\/wp-content\/uploads\/2023\/01\/beverage-icon.png\" alt=\"beverage icon\" \/>\n\t\t<h5>Bebida<\/h5>\n\t\t\t<p>Mediante el uso de algoritmos y estad\u00edsticas de IA para generar previsiones de demanda adecuadamente modeladas en funci\u00f3n de los atributos del producto y las tendencias del mercado, un fabricante l\u00edder de bebidas redujo al m\u00ednimo las roturas temporales de existencias y el exceso de inventario.<strong>Previsi\u00f3n de referencia (IA y estad\u00edsticas) | Plan de ventas | Plan de reaprovisionamiento | Plan de suministro | Plan de f\u00e1brica | Gesti\u00f3n de inventarios | An\u00e1lisis e informes <\/strong><\/p>\t\t\n\t\t<\/a>\n\t\t\t<a href=\"https:\/\/www.zionex.com\/t3-smart-scm\/biotech-case-study\/\" target=\"_self\" rel=\"noopener\">\n\t\t\t\t\t\t\t<img decoding=\"async\" src=\"https:\/\/www.zionex.com\/wp-content\/uploads\/2023\/01\/biotech.png\" alt=\"biotech\" \/>\n\t\t<h5>Biotecnolog\u00eda<\/h5>\n\t\t\t<p>Mediante la simulaci\u00f3n de objetivos de ventas, planes de reposici\u00f3n de inventarios y campa\u00f1as de suministro, una empresa de bitotecnolog\u00eda ha podido generar un plan de abastecimiento viable que acabar\u00e1 evitando la falta de existencias y las devoluciones de productos.<strong>Plan de ventas | An\u00e1lisis e informe<\/strong><\/p>\t\t\n\t\t<\/a>\n\n","protected":false},"excerpt":{"rendered":"<p>Estudio de un caso petroqu\u00edmico Petroqu\u00edmica En el mercado de productos qu\u00edmicos, donde las fluctuaciones de precios son grandes, una respuesta r\u00e1pida es la clave para maximizar los beneficios. La sincronizaci\u00f3n de las operaciones de venta, suministro e inventario permite planificar (Planificar), ejecutar (Hacer), evaluar (Comprobar) y mejorar (Actuar) con rapidez. industria Fabricante petroqu\u00edmico Descripci\u00f3n&hellip;<\/p>\n","protected":false},"author":1,"featured_media":0,"parent":6101,"menu_order":0,"comment_status":"closed","ping_status":"closed","template":"","meta":{"footnotes":""},"class_list":["post-6216","page","type-page","status-publish","hentry"],"yoast_head":"<!-- This site is optimized with the Yoast SEO plugin v27.4 - https:\/\/yoast.com\/product\/yoast-seo-wordpress\/ -->\n<title>Estudio de un caso petroqu\u00edmico - Zionex Inc.<\/title>\n<meta name=\"robots\" content=\"index, follow, max-snippet:-1, max-image-preview:large, max-video-preview:-1\" \/>\n<link rel=\"canonical\" href=\"https:\/\/zionex.com\/es\/t3-smart-scm\/estudio-de-un-caso-petroquimico\/\" \/>\n<meta property=\"og:locale\" content=\"es_ES\" \/>\n<meta property=\"og:type\" content=\"article\" \/>\n<meta property=\"og:title\" content=\"Estudio de un caso petroqu\u00edmico - Zionex Inc.\" \/>\n<meta property=\"og:description\" content=\"Estudio de un caso petroqu\u00edmico Petroqu\u00edmica En el mercado de productos qu\u00edmicos, donde las fluctuaciones de precios son grandes, una respuesta r\u00e1pida es la clave para maximizar los beneficios. La sincronizaci\u00f3n de las operaciones de venta, suministro e inventario permite planificar (Planificar), ejecutar (Hacer), evaluar (Comprobar) y mejorar (Actuar) con rapidez. industria Fabricante petroqu\u00edmico Descripci\u00f3n&hellip;\" \/>\n<meta property=\"og:url\" content=\"https:\/\/zionex.com\/es\/t3-smart-scm\/estudio-de-un-caso-petroquimico\/\" \/>\n<meta property=\"og:site_name\" content=\"Zionex Inc.\" \/>\n<meta property=\"article:publisher\" content=\"https:\/\/www.facebook.com\/Zionex.Inc\" \/>\n<meta property=\"article:modified_time\" content=\"2024-05-02T00:08:28+00:00\" \/>\n<meta property=\"og:image\" content=\"https:\/\/www.zionex.com\/wp-content\/uploads\/2023\/01\/case03_img01.jpg\" \/>\n<meta name=\"twitter:card\" content=\"summary_large_image\" \/>\n<meta name=\"twitter:site\" content=\"@zionex\" \/>\n<meta name=\"twitter:label1\" content=\"Tiempo de lectura\" \/>\n\t<meta name=\"twitter:data1\" content=\"4 minutos\" \/>\n<script type=\"application\/ld+json\" class=\"yoast-schema-graph\">{\"@context\":\"https:\\\/\\\/schema.org\",\"@graph\":[{\"@type\":\"WebPage\",\"@id\":\"https:\\\/\\\/zionex.com\\\/es\\\/t3-smart-scm\\\/estudio-de-un-caso-petroquimico\\\/\",\"url\":\"https:\\\/\\\/zionex.com\\\/es\\\/t3-smart-scm\\\/estudio-de-un-caso-petroquimico\\\/\",\"name\":\"Estudio de un caso petroqu\u00edmico - Zionex Inc.\",\"isPartOf\":{\"@id\":\"https:\\\/\\\/zionex.com\\\/es\\\/#website\"},\"primaryImageOfPage\":{\"@id\":\"https:\\\/\\\/zionex.com\\\/es\\\/t3-smart-scm\\\/estudio-de-un-caso-petroquimico\\\/#primaryimage\"},\"image\":{\"@id\":\"https:\\\/\\\/zionex.com\\\/es\\\/t3-smart-scm\\\/estudio-de-un-caso-petroquimico\\\/#primaryimage\"},\"thumbnailUrl\":\"https:\\\/\\\/www.zionex.com\\\/wp-content\\\/uploads\\\/2023\\\/01\\\/case03_img01.jpg\",\"datePublished\":\"2023-01-11T22:21:40+00:00\",\"dateModified\":\"2024-05-02T00:08:28+00:00\",\"breadcrumb\":{\"@id\":\"https:\\\/\\\/zionex.com\\\/es\\\/t3-smart-scm\\\/estudio-de-un-caso-petroquimico\\\/#breadcrumb\"},\"inLanguage\":\"es\",\"potentialAction\":[{\"@type\":\"ReadAction\",\"target\":[\"https:\\\/\\\/zionex.com\\\/es\\\/t3-smart-scm\\\/estudio-de-un-caso-petroquimico\\\/\"]}]},{\"@type\":\"ImageObject\",\"inLanguage\":\"es\",\"@id\":\"https:\\\/\\\/zionex.com\\\/es\\\/t3-smart-scm\\\/estudio-de-un-caso-petroquimico\\\/#primaryimage\",\"url\":\"https:\\\/\\\/www.zionex.com\\\/wp-content\\\/uploads\\\/2023\\\/01\\\/case03_img01.jpg\",\"contentUrl\":\"https:\\\/\\\/www.zionex.com\\\/wp-content\\\/uploads\\\/2023\\\/01\\\/case03_img01.jpg\"},{\"@type\":\"BreadcrumbList\",\"@id\":\"https:\\\/\\\/zionex.com\\\/es\\\/t3-smart-scm\\\/estudio-de-un-caso-petroquimico\\\/#breadcrumb\",\"itemListElement\":[{\"@type\":\"ListItem\",\"position\":1,\"name\":\"Home\",\"item\":\"https:\\\/\\\/zionex.com\\\/es\\\/\"},{\"@type\":\"ListItem\",\"position\":2,\"name\":\"T3SmartSCM\",\"item\":\"https:\\\/\\\/zionex.com\\\/es\\\/t3-smart-scm\\\/\"},{\"@type\":\"ListItem\",\"position\":3,\"name\":\"Estudio de un caso petroqu\u00edmico\"}]},{\"@type\":\"WebSite\",\"@id\":\"https:\\\/\\\/zionex.com\\\/es\\\/#website\",\"url\":\"https:\\\/\\\/zionex.com\\\/es\\\/\",\"name\":\"Zionex Inc.\",\"description\":\"Zionex provides SaaS supply chain planning and AI-based demand forecasting solutions\",\"publisher\":{\"@id\":\"https:\\\/\\\/zionex.com\\\/es\\\/#organization\"},\"alternateName\":\"Zionex\",\"potentialAction\":[{\"@type\":\"SearchAction\",\"target\":{\"@type\":\"EntryPoint\",\"urlTemplate\":\"https:\\\/\\\/zionex.com\\\/es\\\/?s={search_term_string}\"},\"query-input\":{\"@type\":\"PropertyValueSpecification\",\"valueRequired\":true,\"valueName\":\"search_term_string\"}}],\"inLanguage\":\"es\"},{\"@type\":\"Organization\",\"@id\":\"https:\\\/\\\/zionex.com\\\/es\\\/#organization\",\"name\":\"Zionex, Inc.\",\"alternateName\":\"Zionex\",\"url\":\"https:\\\/\\\/zionex.com\\\/es\\\/\",\"logo\":{\"@type\":\"ImageObject\",\"inLanguage\":\"es\",\"@id\":\"https:\\\/\\\/zionex.com\\\/es\\\/#\\\/schema\\\/logo\\\/image\\\/\",\"url\":\"https:\\\/\\\/zionex.com\\\/wp-content\\\/uploads\\\/2023\\\/02\\\/Zionex.jpg\",\"contentUrl\":\"https:\\\/\\\/zionex.com\\\/wp-content\\\/uploads\\\/2023\\\/02\\\/Zionex.jpg\",\"width\":1500,\"height\":224,\"caption\":\"Zionex, Inc.\"},\"image\":{\"@id\":\"https:\\\/\\\/zionex.com\\\/es\\\/#\\\/schema\\\/logo\\\/image\\\/\"},\"sameAs\":[\"https:\\\/\\\/www.facebook.com\\\/Zionex.Inc\",\"https:\\\/\\\/x.com\\\/zionex\",\"https:\\\/\\\/www.linkedin.com\\\/company\\\/zionex-inc.\\\/\",\"https:\\\/\\\/www.instagram.com\\\/zionex\\\/\"]}]}<\/script>\n<!-- \/ Yoast SEO plugin. -->","yoast_head_json":{"title":"Estudio de un caso petroqu\u00edmico - Zionex Inc.","robots":{"index":"index","follow":"follow","max-snippet":"max-snippet:-1","max-image-preview":"max-image-preview:large","max-video-preview":"max-video-preview:-1"},"canonical":"https:\/\/zionex.com\/es\/t3-smart-scm\/estudio-de-un-caso-petroquimico\/","og_locale":"es_ES","og_type":"article","og_title":"Estudio de un caso petroqu\u00edmico - Zionex Inc.","og_description":"Estudio de un caso petroqu\u00edmico Petroqu\u00edmica En el mercado de productos qu\u00edmicos, donde las fluctuaciones de precios son grandes, una respuesta r\u00e1pida es la clave para maximizar los beneficios. La sincronizaci\u00f3n de las operaciones de venta, suministro e inventario permite planificar (Planificar), ejecutar (Hacer), evaluar (Comprobar) y mejorar (Actuar) con rapidez. industria Fabricante petroqu\u00edmico Descripci\u00f3n&hellip;","og_url":"https:\/\/zionex.com\/es\/t3-smart-scm\/estudio-de-un-caso-petroquimico\/","og_site_name":"Zionex Inc.","article_publisher":"https:\/\/www.facebook.com\/Zionex.Inc","article_modified_time":"2024-05-02T00:08:28+00:00","og_image":[{"url":"https:\/\/www.zionex.com\/wp-content\/uploads\/2023\/01\/case03_img01.jpg","type":"","width":"","height":""}],"twitter_card":"summary_large_image","twitter_site":"@zionex","twitter_misc":{"Tiempo de lectura":"4 minutos"},"schema":{"@context":"https:\/\/schema.org","@graph":[{"@type":"WebPage","@id":"https:\/\/zionex.com\/es\/t3-smart-scm\/estudio-de-un-caso-petroquimico\/","url":"https:\/\/zionex.com\/es\/t3-smart-scm\/estudio-de-un-caso-petroquimico\/","name":"Estudio de un caso petroqu\u00edmico - Zionex Inc.","isPartOf":{"@id":"https:\/\/zionex.com\/es\/#website"},"primaryImageOfPage":{"@id":"https:\/\/zionex.com\/es\/t3-smart-scm\/estudio-de-un-caso-petroquimico\/#primaryimage"},"image":{"@id":"https:\/\/zionex.com\/es\/t3-smart-scm\/estudio-de-un-caso-petroquimico\/#primaryimage"},"thumbnailUrl":"https:\/\/www.zionex.com\/wp-content\/uploads\/2023\/01\/case03_img01.jpg","datePublished":"2023-01-11T22:21:40+00:00","dateModified":"2024-05-02T00:08:28+00:00","breadcrumb":{"@id":"https:\/\/zionex.com\/es\/t3-smart-scm\/estudio-de-un-caso-petroquimico\/#breadcrumb"},"inLanguage":"es","potentialAction":[{"@type":"ReadAction","target":["https:\/\/zionex.com\/es\/t3-smart-scm\/estudio-de-un-caso-petroquimico\/"]}]},{"@type":"ImageObject","inLanguage":"es","@id":"https:\/\/zionex.com\/es\/t3-smart-scm\/estudio-de-un-caso-petroquimico\/#primaryimage","url":"https:\/\/www.zionex.com\/wp-content\/uploads\/2023\/01\/case03_img01.jpg","contentUrl":"https:\/\/www.zionex.com\/wp-content\/uploads\/2023\/01\/case03_img01.jpg"},{"@type":"BreadcrumbList","@id":"https:\/\/zionex.com\/es\/t3-smart-scm\/estudio-de-un-caso-petroquimico\/#breadcrumb","itemListElement":[{"@type":"ListItem","position":1,"name":"Home","item":"https:\/\/zionex.com\/es\/"},{"@type":"ListItem","position":2,"name":"T3SmartSCM","item":"https:\/\/zionex.com\/es\/t3-smart-scm\/"},{"@type":"ListItem","position":3,"name":"Estudio de un caso petroqu\u00edmico"}]},{"@type":"WebSite","@id":"https:\/\/zionex.com\/es\/#website","url":"https:\/\/zionex.com\/es\/","name":"Zionex Inc.","description":"Zionex provides SaaS supply chain planning and AI-based demand forecasting solutions","publisher":{"@id":"https:\/\/zionex.com\/es\/#organization"},"alternateName":"Zionex","potentialAction":[{"@type":"SearchAction","target":{"@type":"EntryPoint","urlTemplate":"https:\/\/zionex.com\/es\/?s={search_term_string}"},"query-input":{"@type":"PropertyValueSpecification","valueRequired":true,"valueName":"search_term_string"}}],"inLanguage":"es"},{"@type":"Organization","@id":"https:\/\/zionex.com\/es\/#organization","name":"Zionex, Inc.","alternateName":"Zionex","url":"https:\/\/zionex.com\/es\/","logo":{"@type":"ImageObject","inLanguage":"es","@id":"https:\/\/zionex.com\/es\/#\/schema\/logo\/image\/","url":"https:\/\/zionex.com\/wp-content\/uploads\/2023\/02\/Zionex.jpg","contentUrl":"https:\/\/zionex.com\/wp-content\/uploads\/2023\/02\/Zionex.jpg","width":1500,"height":224,"caption":"Zionex, Inc."},"image":{"@id":"https:\/\/zionex.com\/es\/#\/schema\/logo\/image\/"},"sameAs":["https:\/\/www.facebook.com\/Zionex.Inc","https:\/\/x.com\/zionex","https:\/\/www.linkedin.com\/company\/zionex-inc.\/","https:\/\/www.instagram.com\/zionex\/"]}]}},"_links":{"self":[{"href":"https:\/\/zionex.com\/es\/wp-json\/wp\/v2\/pages\/6216","targetHints":{"allow":["GET"]}}],"collection":[{"href":"https:\/\/zionex.com\/es\/wp-json\/wp\/v2\/pages"}],"about":[{"href":"https:\/\/zionex.com\/es\/wp-json\/wp\/v2\/types\/page"}],"author":[{"embeddable":true,"href":"https:\/\/zionex.com\/es\/wp-json\/wp\/v2\/users\/1"}],"replies":[{"embeddable":true,"href":"https:\/\/zionex.com\/es\/wp-json\/wp\/v2\/comments?post=6216"}],"version-history":[{"count":1,"href":"https:\/\/zionex.com\/es\/wp-json\/wp\/v2\/pages\/6216\/revisions"}],"predecessor-version":[{"id":7327,"href":"https:\/\/zionex.com\/es\/wp-json\/wp\/v2\/pages\/6216\/revisions\/7327"}],"up":[{"embeddable":true,"href":"https:\/\/zionex.com\/es\/wp-json\/wp\/v2\/pages\/6101"}],"wp:attachment":[{"href":"https:\/\/zionex.com\/es\/wp-json\/wp\/v2\/media?parent=6216"}],"curies":[{"name":"wp","href":"https:\/\/api.w.org\/{rel}","templated":true}]}}