{"id":6126,"date":"2022-12-21T10:21:36","date_gmt":"2022-12-21T01:21:36","guid":{"rendered":"https:\/\/zionex.com\/contacto\/"},"modified":"2024-12-12T18:14:16","modified_gmt":"2024-12-12T09:14:16","slug":"contacto","status":"publish","type":"page","link":"https:\/\/zionex.com\/es\/contacto\/","title":{"rendered":"Contacto"},"content":{"rendered":"\n<h1>\n\t\tContacto\n\t<\/h1>\n<h2>\n\t\tContacto\n\t<\/h2>\n\tSi tiene alguna pregunta o desea informaci\u00f3n sobre demostraciones o soluciones, no dude en enviarnos su consulta en cualquier momento.<br \/>\nNuestros representantes se pondr\u00e1n en contacto con usted en breve.\n                <form method='post' enctype='multipart\/form-data' target='gform_ajax_frame_1' id='gform_1'  action='\/es\/?page_id=6126&#038;fl_builder#gf_1' data-formid='1' novalidate>\n                        <fieldset id=\"field_1_1\"   data-js-reload=\"field_1_1\"><legend class='gfield_label gform-field-label gfield_label_before_complex'>Name(Obligatorio)<\/legend>\n                                                    <input type='text' name='input_1.3' id='input_1_1_3' value='' tabindex='101'  aria-required='true'   placeholder='First Name'  \/>\n                                                    <label for='input_1_1_3' class='gform-field-label gform-field-label--type-sub '>Nombre<\/label>\n                                                    <input type='text' name='input_1.6' id='input_1_1_6' value='' tabindex='103'  aria-required='true'   placeholder='Last Name'  \/>\n                                                    <label for='input_1_1_6' class='gform-field-label gform-field-label--type-sub '>Apellidos<\/label>\n                        <\/fieldset><label class='gfield_label gform-field-label' for='input_1_3'>Phone Number(Obligatorio)<\/label><input name='input_3' id='input_1_3' type='tel' value='' class='large' tabindex='105' placeholder='Phone Number' aria-required=\"true\" aria-invalid=\"false\"   \/><label class='gfield_label gform-field-label' for='input_1_4'>Email Address(Obligatorio)<\/label>\n                            <input name='input_4' id='input_1_4' type='email' value='' class='large' tabindex='106'  placeholder='Email Address' aria-required=\"true\" aria-invalid=\"false\"  \/>\n                        <label class='gfield_label gform-field-label' for='input_1_10'>Company(Obligatorio)<\/label><input name='input_10' id='input_1_10' type='text' value='' class='large'   tabindex='107' placeholder='Company' aria-required=\"true\" aria-invalid=\"false\"   \/> <label class='gfield_label gform-field-label' for='input_1_6'>Type of Inquiry(Obligatorio)<\/label><select name='input_6' id='input_1_6' class='large gfield_select' tabindex='108'   aria-required=\"true\" aria-invalid=\"false\"><option value='' selected='selected' class='gf_placeholder'>Please Select<\/option><option value='Inquire about participating in PlanNEL Beta Program'>Inquire about participating in PlanNEL Beta Program<\/option><option value='Request Demo'>Request Demo<\/option><option value='SCM Solutions'>SCM Solutions<\/option><option value='PLM Solutions'>PLM Solutions<\/option><option value='Job Opportunities'>Job Opportunities<\/option><option value='Other inquiries'>Other inquiries<\/option><\/select><label class='gfield_label gform-field-label' for='input_1_7'>Inquiry Content(Obligatorio)<\/label><textarea name='input_7' id='input_1_7' class='textarea small' tabindex='109'   placeholder='Inquiry Content' aria-required=\"true\" aria-invalid=\"false\"   rows='10' cols='50'><\/textarea><h5>Consent on Usage of Private Information<\/h5>\nPlease review the <a href=\"http:\/\/2023.zionex.com\/privacy-policy\/\">privacy policy<\/a>. Please check \u00abI agree\u00bb and submit if you agree with the private policy.<fieldset id=\"field_1_9\"   data-js-reload=\"field_1_9\"><legend class='gfield_label gform-field-label gfield_label_before_complex'>Please click the check box (required)(Obligatorio)<\/legend>\n\t\t\t\t\t\t\t\t<input class='gfield-choice-input' name='input_9.1' type='checkbox'  value='I agree to the privacy policy'  id='choice_1_9_1' tabindex='110'  \/>\n\t\t\t\t\t\t\t\t<label for='choice_1_9_1' id='label_1_9_1' class='gform-field-label gform-field-label--type-inline'>I agree to the privacy policy<\/label>\n\t\t\t\t\t\t\t<\/fieldset>\n         <input type='submit' id='gform_submit_button_1' class='gform_button button' value='Submit Inquiry' tabindex='111' onclick='if(window[\"gf_submitting_1\"]){return false;}  if( !jQuery(\"#gform_1\")[0].checkValidity || jQuery(\"#gform_1\")[0].checkValidity()){window[\"gf_submitting_1\"]=true;}  ' onkeypress='if( event.keyCode == 13 ){ if(window[\"gf_submitting_1\"]){return false;} if( !jQuery(\"#gform_1\")[0].checkValidity || jQuery(\"#gform_1\")[0].checkValidity()){window[\"gf_submitting_1\"]=true;}  jQuery(\"#gform_1\").trigger(\"submit\",[true]); }' \/> <input type='hidden' name='gform_ajax' value='form_id=1&amp;title=&amp;description=&amp;tabindex=100' \/>\n            <input type='hidden' class='gform_hidden' name='is_submit_1' value='1' \/>\n            <input type='hidden' class='gform_hidden' name='gform_submit' value='1' \/>\n            <input type='hidden' class='gform_hidden' name='gform_unique_id' value='' \/>\n            <input type='hidden' class='gform_hidden' name='state_1' value='WyJbXSIsIjQ5ZTNhMjk0MTM5ZTBmN2E4YWM2MTk4Y2I1MTMwMjc2Il0=' \/>\n            <input type='hidden' class='gform_hidden' name='gform_target_page_number_1' id='gform_target_page_number_1' value='0' \/>\n            <input type='hidden' class='gform_hidden' name='gform_source_page_number_1' id='gform_source_page_number_1' value='1' \/>\n            <input type='hidden' name='gform_field_values' value='' \/>\n                        <\/form>\n\t\t                <iframe style='display:none;width:0px;height:0px;' src='about:blank' name='gform_ajax_frame_1' id='gform_ajax_frame_1' title='Este iframe contiene la l\u00f3gica necesaria para gestionar formularios con ajax activado.'><\/iframe>\n<h2>\n\t\tCorea\n\t<\/h2>\n\t\t<h4>Sede de Se\u00fal<\/h4>\n\t\t\t<p>Zionex, Inc.<br \/>9\u00aa planta, Torre I+D, Plaza Nuritkum,<br \/>396 Worldcup Buk-ro, Mapo-gu,<br \/>Se\u00fal, Rep\u00fablica de Corea 03925<strong>Servicios de ventas y consultor\u00eda:<\/strong><br \/><img decoding=\"async\" role=\"img\" draggable=\"false\" src=\"https:\/\/s.w.org\/images\/core\/emoji\/14.0.0\/svg\/1f4de.svg\" alt=\"\ud83d\udcde\"\/>+82-2-523-1203<img decoding=\"async\" role=\"img\" draggable=\"false\" src=\"https:\/\/s.w.org\/images\/core\/emoji\/14.0.0\/svg\/2709.svg\" alt=\"\u2709\"\/><strong> <a href=\"mailto:info@zionex.com\">info@zionex.com<\/a><\/strong><\/p>\t\t\n\t\t\t\t<img loading=\"lazy\" decoding=\"async\" src=\"https:\/\/www.zionex.com\/wp-content\/uploads\/2023\/01\/Screen-Shot-2023-01-15-at-2.01.37-AM.png\" alt=\"Screen Shot 2023-01-15 at 2.01.37 AM\" itemprop=\"image\" height=\"419\" width=\"773\" title=\"Screen Shot 2023-01-15 at 2.01.37 AM\" onerror=\"this.style.display='none'\"  \/>\n\t<iframe src=\"https:\/\/www.google.com\/maps\/embed\/v1\/place?q=%28%EC%A3%BC%29%EC%9E%90%EC%9D%B4%EC%98%A4%EB%84%A5%EC%8A%A4&#038;key=AIzaSyD09zQ9PNDNNy9TadMuzRV_UsPUoWKntt8\" aria-hidden=\"true\"><\/iframe>\n\t\t<h4>Oficina de Busan<\/h4>\n\t\t\t<p>Zionex, Inc.<br \/>12\u00aa planta, 22, Mora-ro, Sasang-gu,<br \/>Busan, Rep\u00fablica de Corea 46918<strong>Atenci\u00f3n al cliente:<\/strong><br \/><img decoding=\"async\" role=\"img\" draggable=\"false\" src=\"https:\/\/s.w.org\/images\/core\/emoji\/14.0.0\/svg\/1f4de.svg\" alt=\"\ud83d\udcde\" \/>+82-51-304-1203<img decoding=\"async\" role=\"img\" draggable=\"false\" src=\"https:\/\/s.w.org\/images\/core\/emoji\/14.0.0\/svg\/2709.svg\" alt=\"\u2709\" \/> <strong><a href=\"mailto:info@zionex.com\">info@zionex.com<\/a><\/strong><\/p>\t\t\n\t\t\t\t<img loading=\"lazy\" decoding=\"async\" src=\"https:\/\/www.zionex.com\/wp-content\/uploads\/2023\/01\/Screen-Shot-2023-01-15-at-2.03.47-AM.png\" alt=\"Screen Shot 2023-01-15 at 2.03.47 AM\" itemprop=\"image\" height=\"275\" width=\"435\" title=\"Screen Shot 2023-01-15 at 2.03.47 AM\" onerror=\"this.style.display='none'\"  \/>\n\t<iframe src=\"https:\/\/www.google.com\/maps\/embed\/v1\/place?q=46918+%EB%B6%80%EC%82%B0%EA%B4%91%EC%97%AD%EC%8B%9C+%EC%82%AC%EC%83%81%EA%B5%AC+%EB%AA%A8%EB%9D%BC%EB%A1%9C22%28%EB%AA%A8%EB%9D%BC%EB%8F%99+1375%29&#038;key=AIzaSyD09zQ9PNDNNy9TadMuzRV_UsPUoWKntt8\" aria-hidden=\"true\"><\/iframe>\n<h2>\n\t\tNorteam\u00e9rica\n\t<\/h2>\n\t\t<h4>Oficina de Phoenix<\/h4>\n\t\t\t<p><strong>Zionex America LLC<\/strong><br \/>Suite D, Camelback Square<br \/>6991 Camelback Road #300<br \/>Scottsdale, AZ 85251<br \/><br \/><strong>Ventas y servicios:<\/strong><br \/>\ud83d\udcde+1-973-619-9252<br \/><a href=\"mailto:sales-us@zionex.com\"><br \/><strong><img decoding=\"async\" role=\"img\" draggable=\"false\" src=\"https:\/\/s.w.org\/images\/core\/emoji\/14.0.0\/svg\/2709.svg\" alt=\"\u2709\" \/>sales-us@zionex.com<\/strong><br \/><\/a><\/p>\t\t\n\t\t\t\t<img loading=\"lazy\" decoding=\"async\" src=\"https:\/\/www.zionex.com\/wp-content\/uploads\/2023\/01\/image.jpg\" alt=\"image\" itemprop=\"image\" height=\"900\" width=\"1350\" title=\"image\" onerror=\"this.style.display='none'\"  \/>\n\t<iframe src=\"https:\/\/www.google.com\/maps\/embed\/v1\/place?q=6991+Camelback+Road%2C+Scottsdale%2C+AZ+85251&#038;key=AIzaSyD09zQ9PNDNNy9TadMuzRV_UsPUoWKntt8\" aria-hidden=\"true\"><\/iframe>\n<h2>\n\t\tJap\u00f3n\n\t<\/h2>\n\t\t<h4>Oficina de Tokio<\/h4>\n\t\t\t<p><strong>\u30b6\u30a4\u30aa\u30cd\u30c3\u30af\u30b9\u682a\u5f0f\u4f1a\u793e<\/strong><br \/>Zionex Japan Corporation7\u00aa planta, THE SHORE Nihonbashi Kayabacho, <br \/>1-2 Nihonbashi Hakozakicho, Chuo-ku, <br \/>Tokio 103-0015<br \/>Jap\u00f3n<strong>Servicios de ventas y consultor\u00eda:<\/strong><br \/>\ud83d\udcde+81-3-6667-0911<br \/><br \/><strong><a href=\"mailto:sales-j@zionex.com\"><img decoding=\"async\" role=\"img\" draggable=\"false\" src=\"https:\/\/s.w.org\/images\/core\/emoji\/14.0.0\/svg\/2709.svg\" alt=\"\u2709\" \/>sales-j@zionex.com<\/a><br \/><\/strong><\/p>\t\t\n\t\t\t\t<img decoding=\"async\" src=\"https:\/\/zionex.com\/wp-content\/uploads\/2023\/02\/shore_building-1.png\" alt=\"shore_building\" itemprop=\"image\" title=\"shore_building\" onerror=\"this.style.display='none'\"  \/>\n\t<iframe src=\"https:\/\/www.google.com\/maps\/embed\/v1\/place?q=1-2+Nihonbashi+Hakozakicho%2C+Chuo-ku%2C+Tokio+103-0015&#038;key=AIzaSyD09zQ9PNDNNy9TadMuzRV_UsPUoWKntt8\" aria-hidden=\"true\"><\/iframe>\n<h2>\n\t\tGran China\n\t<\/h2>\n\t\t<h4>Oficina de Taipei<\/h4>\n\t\t\t<p><strong>\u53f0\u7063\u8010\u529b\u65af\u8cc7\u8a0a\u6709\u9650\u516c\u53f8<\/strong><br \/>Zionex Taiwan Ltd. Co.<br \/>5th Floor, No 285, ZhongXiao E. Road<br \/>Section 4, Da&#8217;an District<br \/>Taipei City, 106<br \/>Taiwan<strong>Ventas:<\/strong><br \/>Office<img decoding=\"async\" role=\"img\" draggable=\"false\" src=\"https:\/\/s.w.org\/images\/core\/emoji\/14.0.0\/svg\/1f4de.svg\" alt=\"\ud83d\udcde\" \/>+886 2 6639-8451<br \/>Cell\u00a0 \u00a0<img decoding=\"async\" role=\"img\" draggable=\"false\" src=\"https:\/\/s.w.org\/images\/core\/emoji\/14.0.0\/svg\/1f4de.svg\" alt=\"\ud83d\udcde\" \/> +886 930-090-118<img decoding=\"async\" role=\"img\" draggable=\"false\" src=\"https:\/\/s.w.org\/images\/core\/emoji\/14.0.0\/svg\/2709.svg\" alt=\"\u2709\" \/> <strong><a href=\"mailto:taiwan_sales@zionex.com\">taiwan_sales@zionex.com<\/a><\/strong><\/p>\t\t\n\t\t\t\t<img loading=\"lazy\" decoding=\"async\" src=\"https:\/\/www.zionex.com\/wp-content\/uploads\/2023\/01\/Screen-Shot-2023-01-15-at-1.40.41-AM.png\" alt=\"Screen Shot 2023-01-15 at 1.40.41 AM\" itemprop=\"image\" height=\"516\" width=\"912\" title=\"Screen Shot 2023-01-15 at 1.40.41 AM\" onerror=\"this.style.display='none'\"  \/>\n\t<iframe src=\"https:\/\/www.google.com\/maps\/embed\/v1\/place?q=No.+285%2C+ZhongXiao+E.+Rd%2C+Taipei%2C+Taiw%C3%A1n&#038;key=AIzaSyD09zQ9PNDNNy9TadMuzRV_UsPUoWKntt8\" aria-hidden=\"true\"><\/iframe>\n\n","protected":false},"excerpt":{"rendered":"<p>Contacto Contacto Si tiene alguna pregunta o desea informaci\u00f3n sobre demostraciones o soluciones, no dude en enviarnos su consulta en cualquier momento. Nuestros representantes se pondr\u00e1n en contacto con usted en breve. Name(Obligatorio) Nombre Apellidos Phone Number(Obligatorio)Email Address(Obligatorio) Company(Obligatorio) Type of Inquiry(Obligatorio)Please SelectInquire about participating in PlanNEL Beta ProgramRequest DemoSCM SolutionsPLM SolutionsJob OpportunitiesOther inquiriesInquiry Content(Obligatorio)&hellip;<\/p>\n","protected":false},"author":1,"featured_media":0,"parent":0,"menu_order":0,"comment_status":"closed","ping_status":"closed","template":"","meta":{"footnotes":""},"class_list":["post-6126","page","type-page","status-publish","hentry"],"yoast_head":"<!-- This site is optimized with the Yoast SEO plugin v27.3 - https:\/\/yoast.com\/product\/yoast-seo-wordpress\/ -->\n<title>Contacto - Zionex Inc.<\/title>\n<meta name=\"robots\" content=\"index, follow, max-snippet:-1, max-image-preview:large, max-video-preview:-1\" \/>\n<link rel=\"canonical\" href=\"https:\/\/zionex.com\/es\/contacto\/\" \/>\n<meta property=\"og:locale\" content=\"es_ES\" \/>\n<meta property=\"og:type\" content=\"article\" \/>\n<meta property=\"og:title\" content=\"Contacto - Zionex Inc.\" \/>\n<meta property=\"og:description\" content=\"Contacto Contacto Si tiene alguna pregunta o desea informaci\u00f3n sobre demostraciones o soluciones, no dude en enviarnos su consulta en cualquier momento. Nuestros representantes se pondr\u00e1n en contacto con usted en breve. Name(Obligatorio) Nombre Apellidos Phone Number(Obligatorio)Email Address(Obligatorio) Company(Obligatorio) Type of Inquiry(Obligatorio)Please SelectInquire about participating in PlanNEL Beta ProgramRequest DemoSCM SolutionsPLM SolutionsJob OpportunitiesOther inquiriesInquiry Content(Obligatorio)&hellip;\" \/>\n<meta property=\"og:url\" content=\"https:\/\/zionex.com\/es\/contacto\/\" \/>\n<meta property=\"og:site_name\" content=\"Zionex Inc.\" \/>\n<meta property=\"article:publisher\" content=\"https:\/\/www.facebook.com\/Zionex.Inc\" \/>\n<meta property=\"article:modified_time\" content=\"2024-12-12T09:14:16+00:00\" \/>\n<meta property=\"og:image\" content=\"https:\/\/s.w.org\/images\/core\/emoji\/14.0.0\/svg\/1f4de.svg\" \/>\n<meta name=\"twitter:card\" content=\"summary_large_image\" \/>\n<meta name=\"twitter:site\" content=\"@zionex\" \/>\n<meta name=\"twitter:label1\" content=\"Tiempo de lectura\" \/>\n\t<meta name=\"twitter:data1\" content=\"1 minuto\" \/>\n<script type=\"application\/ld+json\" class=\"yoast-schema-graph\">{\"@context\":\"https:\\\/\\\/schema.org\",\"@graph\":[{\"@type\":\"WebPage\",\"@id\":\"https:\\\/\\\/zionex.com\\\/es\\\/contacto\\\/\",\"url\":\"https:\\\/\\\/zionex.com\\\/es\\\/contacto\\\/\",\"name\":\"Contacto - Zionex Inc.\",\"isPartOf\":{\"@id\":\"https:\\\/\\\/zionex.com\\\/es\\\/#website\"},\"primaryImageOfPage\":{\"@id\":\"https:\\\/\\\/zionex.com\\\/es\\\/contacto\\\/#primaryimage\"},\"image\":{\"@id\":\"https:\\\/\\\/zionex.com\\\/es\\\/contacto\\\/#primaryimage\"},\"thumbnailUrl\":\"https:\\\/\\\/s.w.org\\\/images\\\/core\\\/emoji\\\/14.0.0\\\/svg\\\/1f4de.svg\",\"datePublished\":\"2022-12-21T01:21:36+00:00\",\"dateModified\":\"2024-12-12T09:14:16+00:00\",\"breadcrumb\":{\"@id\":\"https:\\\/\\\/zionex.com\\\/es\\\/contacto\\\/#breadcrumb\"},\"inLanguage\":\"es\",\"potentialAction\":[{\"@type\":\"ReadAction\",\"target\":[\"https:\\\/\\\/zionex.com\\\/es\\\/contacto\\\/\"]}]},{\"@type\":\"ImageObject\",\"inLanguage\":\"es\",\"@id\":\"https:\\\/\\\/zionex.com\\\/es\\\/contacto\\\/#primaryimage\",\"url\":\"https:\\\/\\\/s.w.org\\\/images\\\/core\\\/emoji\\\/14.0.0\\\/svg\\\/1f4de.svg\",\"contentUrl\":\"https:\\\/\\\/s.w.org\\\/images\\\/core\\\/emoji\\\/14.0.0\\\/svg\\\/1f4de.svg\"},{\"@type\":\"BreadcrumbList\",\"@id\":\"https:\\\/\\\/zionex.com\\\/es\\\/contacto\\\/#breadcrumb\",\"itemListElement\":[{\"@type\":\"ListItem\",\"position\":1,\"name\":\"Home\",\"item\":\"https:\\\/\\\/zionex.com\\\/es\\\/\"},{\"@type\":\"ListItem\",\"position\":2,\"name\":\"Contacto\"}]},{\"@type\":\"WebSite\",\"@id\":\"https:\\\/\\\/zionex.com\\\/es\\\/#website\",\"url\":\"https:\\\/\\\/zionex.com\\\/es\\\/\",\"name\":\"Zionex Inc.\",\"description\":\"Zionex provides SaaS supply chain planning and AI-based demand forecasting solutions\",\"publisher\":{\"@id\":\"https:\\\/\\\/zionex.com\\\/es\\\/#organization\"},\"alternateName\":\"Zionex\",\"potentialAction\":[{\"@type\":\"SearchAction\",\"target\":{\"@type\":\"EntryPoint\",\"urlTemplate\":\"https:\\\/\\\/zionex.com\\\/es\\\/?s={search_term_string}\"},\"query-input\":{\"@type\":\"PropertyValueSpecification\",\"valueRequired\":true,\"valueName\":\"search_term_string\"}}],\"inLanguage\":\"es\"},{\"@type\":\"Organization\",\"@id\":\"https:\\\/\\\/zionex.com\\\/es\\\/#organization\",\"name\":\"Zionex, Inc.\",\"alternateName\":\"Zionex\",\"url\":\"https:\\\/\\\/zionex.com\\\/es\\\/\",\"logo\":{\"@type\":\"ImageObject\",\"inLanguage\":\"es\",\"@id\":\"https:\\\/\\\/zionex.com\\\/es\\\/#\\\/schema\\\/logo\\\/image\\\/\",\"url\":\"https:\\\/\\\/zionex.com\\\/wp-content\\\/uploads\\\/2023\\\/02\\\/Zionex.jpg\",\"contentUrl\":\"https:\\\/\\\/zionex.com\\\/wp-content\\\/uploads\\\/2023\\\/02\\\/Zionex.jpg\",\"width\":1500,\"height\":224,\"caption\":\"Zionex, Inc.\"},\"image\":{\"@id\":\"https:\\\/\\\/zionex.com\\\/es\\\/#\\\/schema\\\/logo\\\/image\\\/\"},\"sameAs\":[\"https:\\\/\\\/www.facebook.com\\\/Zionex.Inc\",\"https:\\\/\\\/x.com\\\/zionex\",\"https:\\\/\\\/www.linkedin.com\\\/company\\\/zionex-inc.\\\/\",\"https:\\\/\\\/www.instagram.com\\\/zionex\\\/\"]}]}<\/script>\n<!-- \/ Yoast SEO plugin. -->","yoast_head_json":{"title":"Contacto - Zionex Inc.","robots":{"index":"index","follow":"follow","max-snippet":"max-snippet:-1","max-image-preview":"max-image-preview:large","max-video-preview":"max-video-preview:-1"},"canonical":"https:\/\/zionex.com\/es\/contacto\/","og_locale":"es_ES","og_type":"article","og_title":"Contacto - Zionex Inc.","og_description":"Contacto Contacto Si tiene alguna pregunta o desea informaci\u00f3n sobre demostraciones o soluciones, no dude en enviarnos su consulta en cualquier momento. Nuestros representantes se pondr\u00e1n en contacto con usted en breve. Name(Obligatorio) Nombre Apellidos Phone Number(Obligatorio)Email Address(Obligatorio) Company(Obligatorio) Type of Inquiry(Obligatorio)Please SelectInquire about participating in PlanNEL Beta ProgramRequest DemoSCM SolutionsPLM SolutionsJob OpportunitiesOther inquiriesInquiry Content(Obligatorio)&hellip;","og_url":"https:\/\/zionex.com\/es\/contacto\/","og_site_name":"Zionex Inc.","article_publisher":"https:\/\/www.facebook.com\/Zionex.Inc","article_modified_time":"2024-12-12T09:14:16+00:00","og_image":[{"url":"https:\/\/s.w.org\/images\/core\/emoji\/14.0.0\/svg\/1f4de.svg","type":"","width":"","height":""}],"twitter_card":"summary_large_image","twitter_site":"@zionex","twitter_misc":{"Tiempo de lectura":"1 minuto"},"schema":{"@context":"https:\/\/schema.org","@graph":[{"@type":"WebPage","@id":"https:\/\/zionex.com\/es\/contacto\/","url":"https:\/\/zionex.com\/es\/contacto\/","name":"Contacto - Zionex Inc.","isPartOf":{"@id":"https:\/\/zionex.com\/es\/#website"},"primaryImageOfPage":{"@id":"https:\/\/zionex.com\/es\/contacto\/#primaryimage"},"image":{"@id":"https:\/\/zionex.com\/es\/contacto\/#primaryimage"},"thumbnailUrl":"https:\/\/s.w.org\/images\/core\/emoji\/14.0.0\/svg\/1f4de.svg","datePublished":"2022-12-21T01:21:36+00:00","dateModified":"2024-12-12T09:14:16+00:00","breadcrumb":{"@id":"https:\/\/zionex.com\/es\/contacto\/#breadcrumb"},"inLanguage":"es","potentialAction":[{"@type":"ReadAction","target":["https:\/\/zionex.com\/es\/contacto\/"]}]},{"@type":"ImageObject","inLanguage":"es","@id":"https:\/\/zionex.com\/es\/contacto\/#primaryimage","url":"https:\/\/s.w.org\/images\/core\/emoji\/14.0.0\/svg\/1f4de.svg","contentUrl":"https:\/\/s.w.org\/images\/core\/emoji\/14.0.0\/svg\/1f4de.svg"},{"@type":"BreadcrumbList","@id":"https:\/\/zionex.com\/es\/contacto\/#breadcrumb","itemListElement":[{"@type":"ListItem","position":1,"name":"Home","item":"https:\/\/zionex.com\/es\/"},{"@type":"ListItem","position":2,"name":"Contacto"}]},{"@type":"WebSite","@id":"https:\/\/zionex.com\/es\/#website","url":"https:\/\/zionex.com\/es\/","name":"Zionex Inc.","description":"Zionex provides SaaS supply chain planning and AI-based demand forecasting solutions","publisher":{"@id":"https:\/\/zionex.com\/es\/#organization"},"alternateName":"Zionex","potentialAction":[{"@type":"SearchAction","target":{"@type":"EntryPoint","urlTemplate":"https:\/\/zionex.com\/es\/?s={search_term_string}"},"query-input":{"@type":"PropertyValueSpecification","valueRequired":true,"valueName":"search_term_string"}}],"inLanguage":"es"},{"@type":"Organization","@id":"https:\/\/zionex.com\/es\/#organization","name":"Zionex, Inc.","alternateName":"Zionex","url":"https:\/\/zionex.com\/es\/","logo":{"@type":"ImageObject","inLanguage":"es","@id":"https:\/\/zionex.com\/es\/#\/schema\/logo\/image\/","url":"https:\/\/zionex.com\/wp-content\/uploads\/2023\/02\/Zionex.jpg","contentUrl":"https:\/\/zionex.com\/wp-content\/uploads\/2023\/02\/Zionex.jpg","width":1500,"height":224,"caption":"Zionex, Inc."},"image":{"@id":"https:\/\/zionex.com\/es\/#\/schema\/logo\/image\/"},"sameAs":["https:\/\/www.facebook.com\/Zionex.Inc","https:\/\/x.com\/zionex","https:\/\/www.linkedin.com\/company\/zionex-inc.\/","https:\/\/www.instagram.com\/zionex\/"]}]}},"_links":{"self":[{"href":"https:\/\/zionex.com\/es\/wp-json\/wp\/v2\/pages\/6126","targetHints":{"allow":["GET"]}}],"collection":[{"href":"https:\/\/zionex.com\/es\/wp-json\/wp\/v2\/pages"}],"about":[{"href":"https:\/\/zionex.com\/es\/wp-json\/wp\/v2\/types\/page"}],"author":[{"embeddable":true,"href":"https:\/\/zionex.com\/es\/wp-json\/wp\/v2\/users\/1"}],"replies":[{"embeddable":true,"href":"https:\/\/zionex.com\/es\/wp-json\/wp\/v2\/comments?post=6126"}],"version-history":[{"count":4,"href":"https:\/\/zionex.com\/es\/wp-json\/wp\/v2\/pages\/6126\/revisions"}],"predecessor-version":[{"id":8299,"href":"https:\/\/zionex.com\/es\/wp-json\/wp\/v2\/pages\/6126\/revisions\/8299"}],"wp:attachment":[{"href":"https:\/\/zionex.com\/es\/wp-json\/wp\/v2\/media?parent=6126"}],"curies":[{"name":"wp","href":"https:\/\/api.w.org\/{rel}","templated":true}]}}