{"id":6108,"date":"2022-12-21T10:08:36","date_gmt":"2022-12-21T01:08:36","guid":{"rendered":"https:\/\/zionex.com\/gestor-dinamico-de-tareas\/"},"modified":"2024-10-25T14:41:27","modified_gmt":"2024-10-25T05:41:27","slug":"dynamic-task-manager","status":"publish","type":"page","link":"https:\/\/zionex.com\/es\/dynamic-task-manager\/","title":{"rendered":"Gestor din\u00e1mico de tareas"},"content":{"rendered":"\n<h1>\n\t\tPLM Solutions for Aras Innovator\n\t<\/h1>\n\t<p>Product Lifecycle Management (PLM)<\/p>\n\t\t\t\t<img decoding=\"async\" src=\"https:\/\/www.zionex.com\/wp-content\/uploads\/2023\/01\/dtm_logo.png\" alt=\"dtm_logo\" itemprop=\"image\" title=\"dtm_logo\" onerror=\"this.style.display='none'\"  \/>\n\t<p>Dynamic Task Manager is a comprehensive project management solution designed to support the entire product development lifecycle, from concept to end of life. With its interactive and user-friendly interface, it seamlessly integrates with <strong><a href=\"https:\/\/aras.com\">Aras Innovator\u00ae<\/a><\/strong> as an add-on module to streamline the design and engineering processes of new product introduction (NPI) and end of life (EOL) management. It allows teams to easily collaborate, manage tasks, track progress, and ensure timely delivery of high-quality products. Whether you are managing a small project or a large-scale product launch, Dynamic Task Manager has the tools and features you need to stay on top of your project and achieve success.<\/p>\n\t\t\t\t<img decoding=\"async\" src=\"https:\/\/www.zionex.com\/wp-content\/uploads\/2023\/01\/img01.jpg\" alt=\"img01\" itemprop=\"image\" title=\"img01\" onerror=\"this.style.display='none'\"  \/>\n<h3>\n\t\tSolution Concept\n\t<\/h3>\n\t\t\n\t\t\t\t\t<p>Combines product planning, design development, sampling, and mass production tasks into one project.<\/p>\t\t\t\t\n\t\t\n\t\t\t\t\t<p>Provides Aras Innovator add-on modules to integrate product planning, operational tasks, performance measurements, and deliverables.<\/p>\t\t\t\t\n\t\t\n\t\t\t\t\t<p>Shares project resources simultaneously for user collaboration using DTM Gantt Chart.<\/p>\t\t\t\t\n<h2>\n\t\tDynamic Task Manager (DTM) is the Project Management Add-On Module for Aras Innovator PLM\n\t<\/h2>\n\t\t\t\t<img decoding=\"async\" src=\"https:\/\/www.zionex.com\/wp-content\/uploads\/2023\/01\/dtm-2.jpg\" alt=\"dtm\" itemprop=\"image\" title=\"dtm\" onerror=\"this.style.display='none'\"  \/>\n\t<p><strong>Please contact us for more information about Dynamic Task Manager<\/strong><\/p>\n\t\t\t<a href=\"https:\/\/zionex.com\/contact-us\" target=\"_self\" role=\"button\" rel=\"noopener\">\n\t\t\t\t\t\tContact Us\n\t\t\t\t\t<\/a>\n<h2>\n\t\tKey Functions\n\t<\/h2>\n<h3>\n\t\tEdit project plans using Gantt chart\n\t<\/h3>\n\t\t<ul>\n\t\t\t\t\t<li>\n\t\t\t\t\n\t\t<p>Create WBS activities using part template.<\/p>\t\t\t\n\t\t\t<\/li>\n\t\t\t\t\t<li>\n\t\t\t\t\n\t\t<p>Copy and paste activities.<\/p>\n\t\t\t<\/li>\n\t\t\t\t\t<li>\n\t\t\t\t\n\t\t<p>Schedule adjustment by dragging Gantt bars.<\/p>\n\t\t\t<\/li>\n\t\t\t\t\t<li>\n\t\t\t\t\n\t\t<p>Assign a main person in charge for each activity task.<\/p>\n\t\t\t<\/li>\n\t\t\t\t<\/ul>\n<h3>\n\t\tVisually check activity progress status\n\t<\/h3>\n\t\t<ul>\n\t\t\t\t\t<li>\n\t\t\t\t\n\t\t<p>Focus only required WBS activities.<\/p>\n\t\t\t<\/li>\n\t\t\t\t\t<li>\n\t\t\t\t\n\t\t<p>Compare actual activity results and deliverables.<\/p>\n\t\t\t<\/li>\n\t\t\t\t\t<li>\n\t\t\t\t\n\t\t<p>Register activity duration and deliverables (documents and drawings).<\/p>\n\t\t\t<\/li>\n\t\t\t\t\t<li>\n\t\t\t\t\n\t\t<p>Automate activity progress and deliverable status updates<\/p>\n\t\t\t<\/li>\n\t\t\t\t<\/ul>\n\t\t\t\t<img decoding=\"async\" src=\"https:\/\/www.zionex.com\/wp-content\/uploads\/2023\/01\/Gantt-chart.jpg\" alt=\"Gantt chart\" itemprop=\"image\" title=\"Gantt chart\" onerror=\"this.style.display='none'\"  \/>\n<h3>\n\t\tA bird&#8217;s-eye view on project status\n\t<\/h3>\n\t\t<ul>\n\t\t\t\t\t<li>\n\t\t\t\t\n\t\t<p>Categorize activities by specifying the period and status.<\/p>\n\t\t\t<\/li>\n\t\t\t\t\t<li>\n\t\t\t\t\n\t\t<p>Highlight delayed activities using different colors.<\/p>\n\t\t\t<\/li>\n\t\t\t\t\t<li>\n\t\t\t\t\n\t\t<p>Alarm notification of delay in specific activities.<\/p>\n\t\t\t<\/li>\n\t\t\t\t\t<li>\n\t\t\t\t\n\t\t<p>Automate activity progress and deliverable status updates<\/p>\n\t\t\t<\/li>\n\t\t\t\t<\/ul>\n\t\t\t\t<img decoding=\"async\" src=\"https:\/\/www.zionex.com\/wp-content\/uploads\/2023\/01\/birds-eye-view.jpg\" alt=\"bird&#039;s-eye view\" itemprop=\"image\" title=\"bird&#039;s-eye view\" onerror=\"this.style.display='none'\"  \/>\n<h3>\n\t\tCheck activity loads for each worker\n\t<\/h3>\n\t\t<ul>\n\t\t\t\t\t<li>\n\t\t\t\t\n\t\t<p>Identify man-hours exceptions by color.<\/p>\n\t\t\t<\/li>\n\t\t\t\t\t<li>\n\t\t\t\t\n\t\t<p>Drill down on work content of each worker on Gantt Chart.<\/p>\n\t\t\t<\/li>\n\t\t\t\t<\/ul>\n\t\t\t\t<img loading=\"lazy\" decoding=\"async\" src=\"https:\/\/zionex.com\/wp-content\/uploads\/2023\/01\/activity-loads.jpg\" alt=\"activity loads\" itemprop=\"image\" height=\"852\" width=\"2043\" title=\"activity loads\" onerror=\"this.style.display='none'\"  \/>\n<h3>\n\t\tEarned Value Management\n\t<\/h3>\n\t\t<ul>\n\t\t\t\t\t<li>\n\t\t\t\t\n\t\t<p>Evaluate actual product development costs versus planned budget.<\/p>\n\t\t\t<\/li>\n\t\t\t\t\t<li>\n\t\t\t\t\n\t\t<p>Provide a graph to judge the delivery date of each project.<\/p>\n\t\t\t<\/li>\n\t\t\t\t\t<li>\n\t\t\t\t\n\t\t<p>Identify root causes for exceeding project budget by activity tracing.<\/p>\n\t\t\t<\/li>\n\t\t\t\t<\/ul>\n\t\t\t\t<img loading=\"lazy\" decoding=\"async\" src=\"https:\/\/zionex.com\/wp-content\/uploads\/2023\/01\/Earned-Value-Management.png\" alt=\"Earned Value Management\" itemprop=\"image\" height=\"559\" width=\"1024\" title=\"Earned Value Management\" onerror=\"this.style.display='none'\"  \/>\n\t\t\t\t<img loading=\"lazy\" decoding=\"async\" src=\"https:\/\/zionex.com\/wp-content\/uploads\/2023\/01\/Aras-Logo-Horizontal.jpg\" alt=\"Aras-Logo-Horizontal\" itemprop=\"image\" height=\"1080\" width=\"1920\" title=\"Aras-Logo-Horizontal\" onerror=\"this.style.display='none'\"  \/>\n\t<p>Aras provides the most powerful low-code platform with applications to design, build, and operate complex products. Its technology enables the rapid delivery of flexible, upgradeable solutions that build business resilience. Aras&#8217; platform and product lifecycle management applications connect users in all disciplines and functions to critical product data and processes across the lifecycle and throughout the extended supply chain. Airbus, Audi, DENSO, Honda, Kawasaki, Microsoft, Mitsubishi, and Nissan are using the platform to manage complex change and traceability.\u00a0Visit\u00a0<strong><a href=\"http:\/\/www.aras.com\/\" target=\"_blank\" rel=\"noopener\" data-saferedirecturl=\"https:\/\/www.google.com\/url?q=http:\/\/www.aras.com\/&amp;source=gmail&amp;ust=1681376361836000&amp;usg=AOvVaw3DZ0sFQTvwJgPu6Io2dJ0Q\">www.aras.com<\/a>\u00a0<\/strong>to learn more and follow us on\u00a0<strong><a href=\"https:\/\/twitter.com\/aras_plm\" target=\"_blank\" rel=\"noopener\" data-saferedirecturl=\"https:\/\/www.google.com\/url?q=https:\/\/twitter.com\/aras_plm&amp;source=gmail&amp;ust=1681376361837000&amp;usg=AOvVaw1h2jWZdd8Mukrvzb6NfNOy\">Twitter<\/a><\/strong>\u00a0and\u00a0<strong><a href=\"https:\/\/www.linkedin.com\/company\/aras-corporation\" target=\"_blank\" rel=\"noopener\" data-saferedirecturl=\"https:\/\/www.google.com\/url?q=https:\/\/www.linkedin.com\/company\/aras-corporation&amp;source=gmail&amp;ust=1681376361837000&amp;usg=AOvVaw0n9aGMsOyBDKBk0WFeB8EJ\">LinkedIn<\/a><\/strong>.<\/p>\n\t\t\t<a href=\"https:\/\/www.zionex.com\/about-aras-innovator\/\" target=\"_self\" role=\"button\" rel=\"noopener\">\n\t\t\t\t\t\t\tAbout Aras\n\t\t\t\t\t<\/a>\n<h2>\n\t\tCustomers\n\t<\/h2>\n\t\t\t\t\t\t\t<img decoding=\"async\" src=\"https:\/\/www.zionex.com\/wp-content\/uploads\/2023\/01\/kawasaki-logo.png\" alt=\"https:\/\/www.zionex.com\/wp-content\/uploads\/2023\/01\/kawasaki-logo.png\" data-no-lazy=\"1\" \/>\n\t\t\t\t\t\t\t<img decoding=\"async\" src=\"https:\/\/www.zionex.com\/wp-content\/uploads\/2023\/01\/Ls-Electric.png\" alt=\"https:\/\/www.zionex.com\/wp-content\/uploads\/2023\/01\/Ls-Electric.png\" data-no-lazy=\"1\" \/>\n\t\t\t\t\t\t\t<img decoding=\"async\" src=\"https:\/\/www.zionex.com\/wp-content\/uploads\/2023\/01\/sk-bioscience.png\" alt=\"https:\/\/www.zionex.com\/wp-content\/uploads\/2023\/01\/sk-bioscience.png\" data-no-lazy=\"1\" \/>\n\t\t\t\t\t\t\t<img decoding=\"async\" src=\"https:\/\/www.zionex.com\/wp-content\/uploads\/2023\/01\/sk-msgic.png\" alt=\"https:\/\/www.zionex.com\/wp-content\/uploads\/2023\/01\/sk-msgic.png\" data-no-lazy=\"1\" \/>\n\t\t\t\t\t\t\t<img decoding=\"async\" src=\"https:\/\/www.zionex.com\/wp-content\/uploads\/2023\/01\/c05.png\" alt=\"https:\/\/www.zionex.com\/wp-content\/uploads\/2023\/01\/c05.png\" data-no-lazy=\"1\" \/>\n<h2>\n\t\tDynamic Task Manager Demo\n\t<\/h2>\n\t<p>Watch the demo video for the Dynamic Task Manager (DTM) showcasing its latest functions available in 2023.<\/p>\n\t<iframe allowfullscreen allow=\"autoplay\" src=\"https:\/\/www.youtube.com\/embed\/sIPZ4QX8VuI?feature=oembed&amp;start&amp;end&amp;wmode=opaque&amp;loop=0&amp;controls=1&amp;mute=0&amp;rel=0&amp;modestbranding=0\"><\/iframe>\t\n<h2>\n\t\tDynamic Task Manager Case Studies\n\t<\/h2>\n\t<p>Watch the case studies of the Dynamic Task Manager (DTM) implementation at Kawasaki and JAMCO<\/p>\n\t<iframe allowfullscreen allow=\"autoplay\" src=\"https:\/\/www.youtube.com\/embed\/IPl6c6dRH3A?feature=oembed&amp;start&amp;end&amp;wmode=opaque&amp;loop=0&amp;controls=1&amp;mute=0&amp;rel=0&amp;modestbranding=0\"><\/iframe>\t\n\n","protected":false},"excerpt":{"rendered":"<p>PLM Solutions for Aras Innovator Product Lifecycle Management (PLM) Dynamic Task Manager is a comprehensive project management solution designed to support the entire product development lifecycle, from concept to end of life. With its interactive and user-friendly interface, it seamlessly integrates with Aras Innovator\u00ae as an add-on module to streamline the design and engineering processes&hellip;<\/p>\n","protected":false},"author":1,"featured_media":0,"parent":0,"menu_order":0,"comment_status":"closed","ping_status":"closed","template":"","meta":{"footnotes":""},"class_list":["post-6108","page","type-page","status-publish","hentry"],"yoast_head":"<!-- This site is optimized with the Yoast SEO plugin v27.3 - https:\/\/yoast.com\/product\/yoast-seo-wordpress\/ -->\n<title>Gestor din\u00e1mico de tareas Complemento de gesti\u00f3n de proyectos para Aras<\/title>\n<meta name=\"description\" content=\"Dynamic Task Manager (DTM) es el complemento definitivo de gesti\u00f3n de proyectos para Aras Innovator PLM, adoptado por las principales empresas de Jap\u00f3n.\" \/>\n<meta name=\"robots\" content=\"index, follow, max-snippet:-1, max-image-preview:large, max-video-preview:-1\" \/>\n<link rel=\"canonical\" href=\"https:\/\/zionex.com\/es\/dynamic-task-manager\/\" \/>\n<meta property=\"og:locale\" content=\"es_ES\" \/>\n<meta property=\"og:type\" content=\"article\" \/>\n<meta property=\"og:title\" content=\"Gestor din\u00e1mico de tareas Complemento de gesti\u00f3n de proyectos para Aras\" \/>\n<meta property=\"og:description\" content=\"Dynamic Task Manager (DTM) es el complemento definitivo de gesti\u00f3n de proyectos para Aras Innovator PLM, adoptado por las principales empresas de Jap\u00f3n.\" \/>\n<meta property=\"og:url\" content=\"https:\/\/zionex.com\/es\/dynamic-task-manager\/\" \/>\n<meta property=\"og:site_name\" content=\"Zionex Inc.\" \/>\n<meta property=\"article:publisher\" content=\"https:\/\/www.facebook.com\/Zionex.Inc\" \/>\n<meta property=\"article:modified_time\" content=\"2024-10-25T05:41:27+00:00\" \/>\n<meta property=\"og:image\" content=\"https:\/\/www.zionex.com\/wp-content\/uploads\/2023\/01\/dtm_logo.png\" \/>\n<meta name=\"twitter:card\" content=\"summary_large_image\" \/>\n<meta name=\"twitter:site\" content=\"@zionex\" \/>\n<meta name=\"twitter:label1\" content=\"Tiempo de lectura\" \/>\n\t<meta name=\"twitter:data1\" content=\"2 minutos\" \/>\n<script type=\"application\/ld+json\" class=\"yoast-schema-graph\">{\"@context\":\"https:\\\/\\\/schema.org\",\"@graph\":[{\"@type\":\"WebPage\",\"@id\":\"https:\\\/\\\/zionex.com\\\/es\\\/dynamic-task-manager\\\/\",\"url\":\"https:\\\/\\\/zionex.com\\\/es\\\/dynamic-task-manager\\\/\",\"name\":\"Gestor din\u00e1mico de tareas Complemento de gesti\u00f3n de proyectos para Aras\",\"isPartOf\":{\"@id\":\"https:\\\/\\\/zionex.com\\\/es\\\/#website\"},\"primaryImageOfPage\":{\"@id\":\"https:\\\/\\\/zionex.com\\\/es\\\/dynamic-task-manager\\\/#primaryimage\"},\"image\":{\"@id\":\"https:\\\/\\\/zionex.com\\\/es\\\/dynamic-task-manager\\\/#primaryimage\"},\"thumbnailUrl\":\"https:\\\/\\\/www.zionex.com\\\/wp-content\\\/uploads\\\/2023\\\/01\\\/dtm_logo.png\",\"datePublished\":\"2022-12-21T01:08:36+00:00\",\"dateModified\":\"2024-10-25T05:41:27+00:00\",\"description\":\"Dynamic Task Manager (DTM) es el complemento definitivo de gesti\u00f3n de proyectos para Aras Innovator PLM, adoptado por las principales empresas de Jap\u00f3n.\",\"breadcrumb\":{\"@id\":\"https:\\\/\\\/zionex.com\\\/es\\\/dynamic-task-manager\\\/#breadcrumb\"},\"inLanguage\":\"es\",\"potentialAction\":[{\"@type\":\"ReadAction\",\"target\":[\"https:\\\/\\\/zionex.com\\\/es\\\/dynamic-task-manager\\\/\"]}]},{\"@type\":\"ImageObject\",\"inLanguage\":\"es\",\"@id\":\"https:\\\/\\\/zionex.com\\\/es\\\/dynamic-task-manager\\\/#primaryimage\",\"url\":\"https:\\\/\\\/www.zionex.com\\\/wp-content\\\/uploads\\\/2023\\\/01\\\/dtm_logo.png\",\"contentUrl\":\"https:\\\/\\\/www.zionex.com\\\/wp-content\\\/uploads\\\/2023\\\/01\\\/dtm_logo.png\"},{\"@type\":\"BreadcrumbList\",\"@id\":\"https:\\\/\\\/zionex.com\\\/es\\\/dynamic-task-manager\\\/#breadcrumb\",\"itemListElement\":[{\"@type\":\"ListItem\",\"position\":1,\"name\":\"Home\",\"item\":\"https:\\\/\\\/zionex.com\\\/es\\\/\"},{\"@type\":\"ListItem\",\"position\":2,\"name\":\"Gestor din\u00e1mico de tareas\"}]},{\"@type\":\"WebSite\",\"@id\":\"https:\\\/\\\/zionex.com\\\/es\\\/#website\",\"url\":\"https:\\\/\\\/zionex.com\\\/es\\\/\",\"name\":\"Zionex Inc.\",\"description\":\"Zionex provides SaaS supply chain planning and AI-based demand forecasting solutions\",\"publisher\":{\"@id\":\"https:\\\/\\\/zionex.com\\\/es\\\/#organization\"},\"alternateName\":\"Zionex\",\"potentialAction\":[{\"@type\":\"SearchAction\",\"target\":{\"@type\":\"EntryPoint\",\"urlTemplate\":\"https:\\\/\\\/zionex.com\\\/es\\\/?s={search_term_string}\"},\"query-input\":{\"@type\":\"PropertyValueSpecification\",\"valueRequired\":true,\"valueName\":\"search_term_string\"}}],\"inLanguage\":\"es\"},{\"@type\":\"Organization\",\"@id\":\"https:\\\/\\\/zionex.com\\\/es\\\/#organization\",\"name\":\"Zionex, Inc.\",\"alternateName\":\"Zionex\",\"url\":\"https:\\\/\\\/zionex.com\\\/es\\\/\",\"logo\":{\"@type\":\"ImageObject\",\"inLanguage\":\"es\",\"@id\":\"https:\\\/\\\/zionex.com\\\/es\\\/#\\\/schema\\\/logo\\\/image\\\/\",\"url\":\"https:\\\/\\\/zionex.com\\\/wp-content\\\/uploads\\\/2023\\\/02\\\/Zionex.jpg\",\"contentUrl\":\"https:\\\/\\\/zionex.com\\\/wp-content\\\/uploads\\\/2023\\\/02\\\/Zionex.jpg\",\"width\":1500,\"height\":224,\"caption\":\"Zionex, Inc.\"},\"image\":{\"@id\":\"https:\\\/\\\/zionex.com\\\/es\\\/#\\\/schema\\\/logo\\\/image\\\/\"},\"sameAs\":[\"https:\\\/\\\/www.facebook.com\\\/Zionex.Inc\",\"https:\\\/\\\/x.com\\\/zionex\",\"https:\\\/\\\/www.linkedin.com\\\/company\\\/zionex-inc.\\\/\",\"https:\\\/\\\/www.instagram.com\\\/zionex\\\/\"]}]}<\/script>\n<!-- \/ Yoast SEO plugin. -->","yoast_head_json":{"title":"Gestor din\u00e1mico de tareas Complemento de gesti\u00f3n de proyectos para Aras","description":"Dynamic Task Manager (DTM) es el complemento definitivo de gesti\u00f3n de proyectos para Aras Innovator PLM, adoptado por las principales empresas de Jap\u00f3n.","robots":{"index":"index","follow":"follow","max-snippet":"max-snippet:-1","max-image-preview":"max-image-preview:large","max-video-preview":"max-video-preview:-1"},"canonical":"https:\/\/zionex.com\/es\/dynamic-task-manager\/","og_locale":"es_ES","og_type":"article","og_title":"Gestor din\u00e1mico de tareas Complemento de gesti\u00f3n de proyectos para Aras","og_description":"Dynamic Task Manager (DTM) es el complemento definitivo de gesti\u00f3n de proyectos para Aras Innovator PLM, adoptado por las principales empresas de Jap\u00f3n.","og_url":"https:\/\/zionex.com\/es\/dynamic-task-manager\/","og_site_name":"Zionex Inc.","article_publisher":"https:\/\/www.facebook.com\/Zionex.Inc","article_modified_time":"2024-10-25T05:41:27+00:00","og_image":[{"url":"https:\/\/www.zionex.com\/wp-content\/uploads\/2023\/01\/dtm_logo.png","type":"","width":"","height":""}],"twitter_card":"summary_large_image","twitter_site":"@zionex","twitter_misc":{"Tiempo de lectura":"2 minutos"},"schema":{"@context":"https:\/\/schema.org","@graph":[{"@type":"WebPage","@id":"https:\/\/zionex.com\/es\/dynamic-task-manager\/","url":"https:\/\/zionex.com\/es\/dynamic-task-manager\/","name":"Gestor din\u00e1mico de tareas Complemento de gesti\u00f3n de proyectos para Aras","isPartOf":{"@id":"https:\/\/zionex.com\/es\/#website"},"primaryImageOfPage":{"@id":"https:\/\/zionex.com\/es\/dynamic-task-manager\/#primaryimage"},"image":{"@id":"https:\/\/zionex.com\/es\/dynamic-task-manager\/#primaryimage"},"thumbnailUrl":"https:\/\/www.zionex.com\/wp-content\/uploads\/2023\/01\/dtm_logo.png","datePublished":"2022-12-21T01:08:36+00:00","dateModified":"2024-10-25T05:41:27+00:00","description":"Dynamic Task Manager (DTM) es el complemento definitivo de gesti\u00f3n de proyectos para Aras Innovator PLM, adoptado por las principales empresas de Jap\u00f3n.","breadcrumb":{"@id":"https:\/\/zionex.com\/es\/dynamic-task-manager\/#breadcrumb"},"inLanguage":"es","potentialAction":[{"@type":"ReadAction","target":["https:\/\/zionex.com\/es\/dynamic-task-manager\/"]}]},{"@type":"ImageObject","inLanguage":"es","@id":"https:\/\/zionex.com\/es\/dynamic-task-manager\/#primaryimage","url":"https:\/\/www.zionex.com\/wp-content\/uploads\/2023\/01\/dtm_logo.png","contentUrl":"https:\/\/www.zionex.com\/wp-content\/uploads\/2023\/01\/dtm_logo.png"},{"@type":"BreadcrumbList","@id":"https:\/\/zionex.com\/es\/dynamic-task-manager\/#breadcrumb","itemListElement":[{"@type":"ListItem","position":1,"name":"Home","item":"https:\/\/zionex.com\/es\/"},{"@type":"ListItem","position":2,"name":"Gestor din\u00e1mico de tareas"}]},{"@type":"WebSite","@id":"https:\/\/zionex.com\/es\/#website","url":"https:\/\/zionex.com\/es\/","name":"Zionex Inc.","description":"Zionex provides SaaS supply chain planning and AI-based demand forecasting solutions","publisher":{"@id":"https:\/\/zionex.com\/es\/#organization"},"alternateName":"Zionex","potentialAction":[{"@type":"SearchAction","target":{"@type":"EntryPoint","urlTemplate":"https:\/\/zionex.com\/es\/?s={search_term_string}"},"query-input":{"@type":"PropertyValueSpecification","valueRequired":true,"valueName":"search_term_string"}}],"inLanguage":"es"},{"@type":"Organization","@id":"https:\/\/zionex.com\/es\/#organization","name":"Zionex, Inc.","alternateName":"Zionex","url":"https:\/\/zionex.com\/es\/","logo":{"@type":"ImageObject","inLanguage":"es","@id":"https:\/\/zionex.com\/es\/#\/schema\/logo\/image\/","url":"https:\/\/zionex.com\/wp-content\/uploads\/2023\/02\/Zionex.jpg","contentUrl":"https:\/\/zionex.com\/wp-content\/uploads\/2023\/02\/Zionex.jpg","width":1500,"height":224,"caption":"Zionex, Inc."},"image":{"@id":"https:\/\/zionex.com\/es\/#\/schema\/logo\/image\/"},"sameAs":["https:\/\/www.facebook.com\/Zionex.Inc","https:\/\/x.com\/zionex","https:\/\/www.linkedin.com\/company\/zionex-inc.\/","https:\/\/www.instagram.com\/zionex\/"]}]}},"_links":{"self":[{"href":"https:\/\/zionex.com\/es\/wp-json\/wp\/v2\/pages\/6108","targetHints":{"allow":["GET"]}}],"collection":[{"href":"https:\/\/zionex.com\/es\/wp-json\/wp\/v2\/pages"}],"about":[{"href":"https:\/\/zionex.com\/es\/wp-json\/wp\/v2\/types\/page"}],"author":[{"embeddable":true,"href":"https:\/\/zionex.com\/es\/wp-json\/wp\/v2\/users\/1"}],"replies":[{"embeddable":true,"href":"https:\/\/zionex.com\/es\/wp-json\/wp\/v2\/comments?post=6108"}],"version-history":[{"count":4,"href":"https:\/\/zionex.com\/es\/wp-json\/wp\/v2\/pages\/6108\/revisions"}],"predecessor-version":[{"id":8063,"href":"https:\/\/zionex.com\/es\/wp-json\/wp\/v2\/pages\/6108\/revisions\/8063"}],"wp:attachment":[{"href":"https:\/\/zionex.com\/es\/wp-json\/wp\/v2\/media?parent=6108"}],"curies":[{"name":"wp","href":"https:\/\/api.w.org\/{rel}","templated":true}]}}